{"id":168,"date":"2025-03-11T10:16:07","date_gmt":"2025-03-11T02:16:07","guid":{"rendered":"https:\/\/www.qkingcrane.com\/?page_id=168"},"modified":"2025-03-11T20:55:16","modified_gmt":"2025-03-11T12:55:16","slug":"cases","status":"publish","type":"page","link":"https:\/\/www.qkingcrane.com\/es\/cases\/","title":{"rendered":"Casos"},"content":{"rendered":"<section class=\"l-section wpb_row height_huge\"><div class=\"l-section-h i-cf\"><div class=\"g-cols vc_row via_grid cols_1 laptops-cols_inherit tablets-cols_inherit mobiles-cols_1 valign_top type_default stacking_default\"><div class=\"wpb_column vc_column_container\"><div class=\"vc_column-inner\"><h1 class=\"w-post-elm post_title entry-title color_link_inherit\">Casos<\/h1><div class=\"wpb_text_column\"><div class=\"wpb_wrapper\"><p>QKing goza de una gran reputaci\u00f3n en m\u00e1s de 100 pa\u00edses y regiones de todo el mundo.<br \/>Con sus productos y servicios de alta calidad, se ha ganado la confianza de muchas empresas de marcas reconocidas en todo el mundo.<\/p>\n<\/div><\/div><div class=\"w-separator size_medium\"><\/div><div class=\"w-grid us_post_list type_grid layout_52 cols_3 overflow_hidden preload_style_spinner\" id=\"us_post_list_eec0\" style=\"--columns:3;--gap:1.5rem;\"><style>@media (max-width:1024px){#us_post_list_eec0{--columns:2!important}}@media (max-width:600px){#us_post_list_eec0{--columns:1!important}}.layout_52 .w-grid-item-h{background:var(--color-content-bg);color:var(--color-content-text);border-radius:0.3rem;box-shadow:0 0.03rem 0.06rem rgba(0,0,0,0.1),0 0.1rem 0.3rem rgba(0,0,0,0.1);transition-duration:0.3s}.no-touch .layout_52 .w-grid-item-h:hover{box-shadow:0 0.1rem 0.2rem rgba(0,0,0,0.1),0 0.33rem 1rem rgba(0,0,0,0.15);z-index:4}.layout_52 .usg_post_custom_field_1{transition-duration:0.3s;transform-origin:50% 50%;transform:scale(1) translate(0%,0%)}.layout_52 .w-grid-item-h:focus-within .usg_post_custom_field_1,.layout_52 .w-grid-item-h:hover .usg_post_custom_field_1{transform:scale(1.05) translate(0%,0%);opacity:0.9}.layout_52 .usg_post_image_1{transition-duration:0.3s;transform-origin:50% 50%;transform:scale(1) translate(0%,0%)}.layout_52 .w-grid-item-h:focus-within .usg_post_image_1,.layout_52 .w-grid-item-h:hover .usg_post_image_1{transform:scale(1.05) translate(0%,0%);opacity:0.9}.layout_52 .usg_vwrapper_1{margin-top:2rem!important;padding:9% 11% 11% 11%!important}.layout_52 .usg_post_custom_field_1{margin-bottom:-2rem!important}.layout_52 .usg_html_1{width:60px!important;height:3px!important;margin-top:10px!important;margin-bottom:10px!important;background:var(--color-alt-content-bg-grad,var(--color-alt-content-bg) )!important}.layout_52 .usg_post_image_1{margin-bottom:-2rem!important}<\/style><div class=\"w-grid-list\">\t<article class=\"w-grid-item size_1x1 post-107 cases type-cases status-publish has-post-thumbnail hentry\" data-id=\"107\">\r\n\t\t<div class=\"w-grid-item-h\">\r\n\t\t\t\t\t\t<div class=\"w-post-elm post_image usg_post_image_1 stretched\"><a href=\"https:\/\/www.qkingcrane.com\/es\/cases\/50-ton-sts-quayside-container-crane-project-in-uae\/\" aria-label=\"Proyecto de gr\u00faa portacontenedores de 50 toneladas STS Quayside en los Emiratos \u00c1rabes Unidos\"><img loading=\"lazy\" decoding=\"async\" width=\"300\" height=\"200\" src=\"https:\/\/www.qkingcrane.com\/wp-content\/uploads\/50-Ton-STS-Quayside-Container-Crane-Project-in-UAE2-300x200.jpg\" class=\"attachment-thumbnail size-thumbnail wp-post-image\" alt=\"\" srcset=\"https:\/\/www.qkingcrane.com\/wp-content\/uploads\/50-Ton-STS-Quayside-Container-Crane-Project-in-UAE2-300x200.jpg 300w, https:\/\/www.qkingcrane.com\/wp-content\/uploads\/50-Ton-STS-Quayside-Container-Crane-Project-in-UAE2-600x400.jpg 600w, https:\/\/www.qkingcrane.com\/wp-content\/uploads\/50-Ton-STS-Quayside-Container-Crane-Project-in-UAE2.jpg 830w\" sizes=\"auto, (max-width: 300px) 100vw, 300px\" \/><\/a><\/div><div class=\"w-vwrapper usg_vwrapper_1 align_none valign_top\"><h4 class=\"w-post-elm post_title usg_post_title_1 entry-title\"><a href=\"https:\/\/www.qkingcrane.com\/es\/cases\/50-ton-sts-quayside-container-crane-project-in-uae\/\">Proyecto de gr\u00faa portacontenedores de 50 toneladas STS Quayside en los Emiratos \u00c1rabes Unidos<\/a><\/h4><div class=\"w-html usg_html_1\"><div>\n<\/div><\/div><div class=\"w-post-elm post_content usg_post_content_1\">With the continuous expansion of port business in the UAE, there is&hellip;<\/div><\/div>\t\t<\/div>\r\n\t\t\t<\/article>\r\n\t<article class=\"w-grid-item size_1x1 post-111 cases type-cases status-publish has-post-thumbnail hentry\" data-id=\"111\">\r\n\t\t<div class=\"w-grid-item-h\">\r\n\t\t\t\t\t\t<div class=\"w-post-elm post_image usg_post_image_1 stretched\"><a href=\"https:\/\/www.qkingcrane.com\/es\/cases\/400t-shipbuilding-gantry-crane-successfully-accepted\/\" aria-label=\"Gr\u00faa p\u00f3rtico para construcci\u00f3n naval de 400 toneladas aceptada con \u00e9xito\"><img loading=\"lazy\" decoding=\"async\" width=\"300\" height=\"200\" src=\"https:\/\/www.qkingcrane.com\/wp-content\/uploads\/400t-Shipbuilding-Gantry-Crane-Successfully-Accepted-300x200.jpg\" class=\"attachment-thumbnail size-thumbnail wp-post-image\" alt=\"\" srcset=\"https:\/\/www.qkingcrane.com\/wp-content\/uploads\/400t-Shipbuilding-Gantry-Crane-Successfully-Accepted-300x200.jpg 300w, https:\/\/www.qkingcrane.com\/wp-content\/uploads\/400t-Shipbuilding-Gantry-Crane-Successfully-Accepted-600x400.jpg 600w, https:\/\/www.qkingcrane.com\/wp-content\/uploads\/400t-Shipbuilding-Gantry-Crane-Successfully-Accepted.jpg 830w\" sizes=\"auto, (max-width: 300px) 100vw, 300px\" \/><\/a><\/div><div class=\"w-vwrapper usg_vwrapper_1 align_none valign_top\"><h4 class=\"w-post-elm post_title usg_post_title_1 entry-title\"><a href=\"https:\/\/www.qkingcrane.com\/es\/cases\/400t-shipbuilding-gantry-crane-successfully-accepted\/\">Gr\u00faa p\u00f3rtico para construcci\u00f3n naval de 400 toneladas aceptada con \u00e9xito<\/a><\/h4><div class=\"w-html usg_html_1\"><div>\n<\/div><\/div><div class=\"w-post-elm post_content usg_post_content_1\">Project Introduction:Recently, the 400t-105m Shipbuilding Gantry Crane manufactured by QKing has successfully&hellip;<\/div><\/div>\t\t<\/div>\r\n\t\t\t<\/article>\r\n\t<article class=\"w-grid-item size_1x1 post-113 cases type-cases status-publish has-post-thumbnail hentry\" data-id=\"113\">\r\n\t\t<div class=\"w-grid-item-h\">\r\n\t\t\t\t\t\t<div class=\"w-post-elm post_image usg_post_image_1 stretched\"><a href=\"https:\/\/www.qkingcrane.com\/es\/cases\/overhead-crane-project-in-vietnam-steel-plant\/\" aria-label=\"Proyecto de gr\u00faa a\u00e9rea en planta sider\u00fargica de Vietnam\"><img loading=\"lazy\" decoding=\"async\" width=\"300\" height=\"200\" src=\"https:\/\/www.qkingcrane.com\/wp-content\/uploads\/Overhead-Crane-Project-in-Vietnam-Steel-Plant-300x200.jpg\" class=\"attachment-thumbnail size-thumbnail wp-post-image\" alt=\"\" srcset=\"https:\/\/www.qkingcrane.com\/wp-content\/uploads\/Overhead-Crane-Project-in-Vietnam-Steel-Plant-300x200.jpg 300w, https:\/\/www.qkingcrane.com\/wp-content\/uploads\/Overhead-Crane-Project-in-Vietnam-Steel-Plant-600x400.jpg 600w, https:\/\/www.qkingcrane.com\/wp-content\/uploads\/Overhead-Crane-Project-in-Vietnam-Steel-Plant.jpg 830w\" sizes=\"auto, (max-width: 300px) 100vw, 300px\" \/><\/a><\/div><div class=\"w-vwrapper usg_vwrapper_1 align_none valign_top\"><h4 class=\"w-post-elm post_title usg_post_title_1 entry-title\"><a href=\"https:\/\/www.qkingcrane.com\/es\/cases\/overhead-crane-project-in-vietnam-steel-plant\/\">Proyecto de gr\u00faa a\u00e9rea en planta sider\u00fargica de Vietnam<\/a><\/h4><div class=\"w-html usg_html_1\"><div>\n<\/div><\/div><div class=\"w-post-elm post_content usg_post_content_1\">This is a QC overhead crane with magnet cap. 50t\/10t, used to&hellip;<\/div><\/div>\t\t<\/div>\r\n\t\t\t<\/article>\r\n\t<article class=\"w-grid-item size_1x1 post-117 cases type-cases status-publish has-post-thumbnail hentry\" data-id=\"117\">\r\n\t\t<div class=\"w-grid-item-h\">\r\n\t\t\t\t\t\t<div class=\"w-post-elm post_image usg_post_image_1 stretched\"><a href=\"https:\/\/www.qkingcrane.com\/es\/cases\/rmg-gantry-crane-project-in-thailand\/\" aria-label=\"Proyecto de gr\u00faa p\u00f3rtico RMG en Tailandia\"><img loading=\"lazy\" decoding=\"async\" width=\"300\" height=\"200\" src=\"https:\/\/www.qkingcrane.com\/wp-content\/uploads\/RMG-Gantry-Crane-Project-in-Thailand-300x200.jpg\" class=\"attachment-thumbnail size-thumbnail wp-post-image\" alt=\"\" srcset=\"https:\/\/www.qkingcrane.com\/wp-content\/uploads\/RMG-Gantry-Crane-Project-in-Thailand-300x200.jpg 300w, https:\/\/www.qkingcrane.com\/wp-content\/uploads\/RMG-Gantry-Crane-Project-in-Thailand-600x400.jpg 600w, https:\/\/www.qkingcrane.com\/wp-content\/uploads\/RMG-Gantry-Crane-Project-in-Thailand.jpg 830w\" sizes=\"auto, (max-width: 300px) 100vw, 300px\" \/><\/a><\/div><div class=\"w-vwrapper usg_vwrapper_1 align_none valign_top\"><h4 class=\"w-post-elm post_title usg_post_title_1 entry-title\"><a href=\"https:\/\/www.qkingcrane.com\/es\/cases\/rmg-gantry-crane-project-in-thailand\/\">Proyecto de gr\u00faa p\u00f3rtico RMG en Tailandia<\/a><\/h4><div class=\"w-html usg_html_1\"><div>\n<\/div><\/div><div class=\"w-post-elm post_content usg_post_content_1\">Received an inquiry from a Thailand steel company (buyer), asking about the&hellip;<\/div><\/div>\t\t<\/div>\r\n\t\t\t<\/article>\r\n\t<article class=\"w-grid-item size_1x1 post-119 cases type-cases status-publish has-post-thumbnail hentry\" data-id=\"119\">\r\n\t\t<div class=\"w-grid-item-h\">\r\n\t\t\t\t\t\t<div class=\"w-post-elm post_image usg_post_image_1 stretched\"><a href=\"https:\/\/www.qkingcrane.com\/es\/cases\/malaysian-a-steel-plant-rotary-billet-clamp-double-beam-bridge-crane\/\" aria-label=\"Gr\u00faa puente de doble viga con abrazadera giratoria para una planta sider\u00fargica de Malasia\"><img loading=\"lazy\" decoding=\"async\" width=\"300\" height=\"200\" src=\"https:\/\/www.qkingcrane.com\/wp-content\/uploads\/Malaysian-a-steel-plant-Rotary-Billet-Clamp-Double-Beam-Bridge-Crane-300x200.jpg\" class=\"attachment-thumbnail size-thumbnail wp-post-image\" alt=\"\" srcset=\"https:\/\/www.qkingcrane.com\/wp-content\/uploads\/Malaysian-a-steel-plant-Rotary-Billet-Clamp-Double-Beam-Bridge-Crane-300x200.jpg 300w, https:\/\/www.qkingcrane.com\/wp-content\/uploads\/Malaysian-a-steel-plant-Rotary-Billet-Clamp-Double-Beam-Bridge-Crane-600x400.jpg 600w, https:\/\/www.qkingcrane.com\/wp-content\/uploads\/Malaysian-a-steel-plant-Rotary-Billet-Clamp-Double-Beam-Bridge-Crane.jpg 830w\" sizes=\"auto, (max-width: 300px) 100vw, 300px\" \/><\/a><\/div><div class=\"w-vwrapper usg_vwrapper_1 align_none valign_top\"><h4 class=\"w-post-elm post_title usg_post_title_1 entry-title\"><a href=\"https:\/\/www.qkingcrane.com\/es\/cases\/malaysian-a-steel-plant-rotary-billet-clamp-double-beam-bridge-crane\/\">Gr\u00faa puente de doble viga con abrazadera giratoria para una planta sider\u00fargica de Malasia<\/a><\/h4><div class=\"w-html usg_html_1\"><div>\n<\/div><\/div><div class=\"w-post-elm post_content usg_post_content_1\">Industry: Steel and Iron IndustryLifting equipment: Rotating billet clampCapacity: 50T+50TLocation: Malaysia,December,2023 The&hellip;<\/div><\/div>\t\t<\/div>\r\n\t\t\t<\/article>\r\n\t<article class=\"w-grid-item size_1x1 post-121 cases type-cases status-publish has-post-thumbnail hentry\" data-id=\"121\">\r\n\t\t<div class=\"w-grid-item-h\">\r\n\t\t\t\t\t\t<div class=\"w-post-elm post_image usg_post_image_1 stretched\"><a href=\"https:\/\/www.qkingcrane.com\/es\/cases\/vietnam-yishan-iron-and-steel-group-steel-coil-lifter-double-beam-bridge-crane\/\" aria-label=\"Gr\u00faa puente de doble viga con elevador de bobinas de acero del grupo sider\u00fargico Yishan de Vietnam\"><img loading=\"lazy\" decoding=\"async\" width=\"300\" height=\"200\" src=\"https:\/\/www.qkingcrane.com\/wp-content\/uploads\/Vietnam-Yishan-Iron-and-Steel-Group-Steel-Coil-Lifter-Double-Beam-Bridge-Crane-300x200.jpg\" class=\"attachment-thumbnail size-thumbnail wp-post-image\" alt=\"\" srcset=\"https:\/\/www.qkingcrane.com\/wp-content\/uploads\/Vietnam-Yishan-Iron-and-Steel-Group-Steel-Coil-Lifter-Double-Beam-Bridge-Crane-300x200.jpg 300w, https:\/\/www.qkingcrane.com\/wp-content\/uploads\/Vietnam-Yishan-Iron-and-Steel-Group-Steel-Coil-Lifter-Double-Beam-Bridge-Crane-600x400.jpg 600w, https:\/\/www.qkingcrane.com\/wp-content\/uploads\/Vietnam-Yishan-Iron-and-Steel-Group-Steel-Coil-Lifter-Double-Beam-Bridge-Crane.jpg 830w\" sizes=\"auto, (max-width: 300px) 100vw, 300px\" \/><\/a><\/div><div class=\"w-vwrapper usg_vwrapper_1 align_none valign_top\"><h4 class=\"w-post-elm post_title usg_post_title_1 entry-title\"><a href=\"https:\/\/www.qkingcrane.com\/es\/cases\/vietnam-yishan-iron-and-steel-group-steel-coil-lifter-double-beam-bridge-crane\/\">Gr\u00faa puente de doble viga con elevador de bobinas de acero del grupo sider\u00fargico Yishan de Vietnam<\/a><\/h4><div class=\"w-html usg_html_1\"><div>\n<\/div><\/div><div class=\"w-post-elm post_content usg_post_content_1\">Industry: Steel and Iron IndustryLifting equipment: Steel coil lifterCapacity: 20TLocation: Vietnam, December&hellip;<\/div><\/div>\t\t<\/div>\r\n\t\t\t<\/article>\r\n\t<article class=\"w-grid-item size_1x1 post-123 cases type-cases status-publish has-post-thumbnail hentry\" data-id=\"123\">\r\n\t\t<div class=\"w-grid-item-h\">\r\n\t\t\t\t\t\t<div class=\"w-post-elm post_image usg_post_image_1 stretched\"><a href=\"https:\/\/www.qkingcrane.com\/es\/cases\/pakistan-100t-double-beam-bridge-crane\/\" aria-label=\"Gr\u00faa puente de doble viga de 100 toneladas de Pakist\u00e1n\"><img loading=\"lazy\" decoding=\"async\" width=\"300\" height=\"200\" src=\"https:\/\/www.qkingcrane.com\/wp-content\/uploads\/Pakistan-100T-Double-Beam-Bridge-Crane-300x200.jpg\" class=\"attachment-thumbnail size-thumbnail wp-post-image\" alt=\"\" srcset=\"https:\/\/www.qkingcrane.com\/wp-content\/uploads\/Pakistan-100T-Double-Beam-Bridge-Crane-300x200.jpg 300w, https:\/\/www.qkingcrane.com\/wp-content\/uploads\/Pakistan-100T-Double-Beam-Bridge-Crane-600x400.jpg 600w, https:\/\/www.qkingcrane.com\/wp-content\/uploads\/Pakistan-100T-Double-Beam-Bridge-Crane.jpg 830w\" sizes=\"auto, (max-width: 300px) 100vw, 300px\" \/><\/a><\/div><div class=\"w-vwrapper usg_vwrapper_1 align_none valign_top\"><h4 class=\"w-post-elm post_title usg_post_title_1 entry-title\"><a href=\"https:\/\/www.qkingcrane.com\/es\/cases\/pakistan-100t-double-beam-bridge-crane\/\">Gr\u00faa puente de doble viga de 100 toneladas de Pakist\u00e1n<\/a><\/h4><div class=\"w-html usg_html_1\"><div>\n<\/div><\/div><div class=\"w-post-elm post_content usg_post_content_1\">Industry: Transportation IndustryLifting equipment: Rotating lifting beamCapacity: 100TLocation: Pakistan,January 2024 The Lahore&hellip;<\/div><\/div>\t\t<\/div>\r\n\t\t\t<\/article>\r\n\t<article class=\"w-grid-item size_1x1 post-125 cases type-cases status-publish has-post-thumbnail hentry\" data-id=\"125\">\r\n\t\t<div class=\"w-grid-item-h\">\r\n\t\t\t\t\t\t<div class=\"w-post-elm post_image usg_post_image_1 stretched\"><a href=\"https:\/\/www.qkingcrane.com\/es\/cases\/mexico-slab-steel-lifting-electromagnet-double-beam-bridge-crane\/\" aria-label=\"Puente gr\u00faa electromagn\u00e9tico de doble viga para elevaci\u00f3n de losas de acero en M\u00e9xico\"><img loading=\"lazy\" decoding=\"async\" width=\"300\" height=\"200\" src=\"https:\/\/www.qkingcrane.com\/wp-content\/uploads\/Mexico-Slab-Steel-Lifting-Electromagnet-Double-Beam-Bridge-Crane-300x200.jpg\" class=\"attachment-thumbnail size-thumbnail wp-post-image\" alt=\"\" srcset=\"https:\/\/www.qkingcrane.com\/wp-content\/uploads\/Mexico-Slab-Steel-Lifting-Electromagnet-Double-Beam-Bridge-Crane-300x200.jpg 300w, https:\/\/www.qkingcrane.com\/wp-content\/uploads\/Mexico-Slab-Steel-Lifting-Electromagnet-Double-Beam-Bridge-Crane-600x400.jpg 600w, https:\/\/www.qkingcrane.com\/wp-content\/uploads\/Mexico-Slab-Steel-Lifting-Electromagnet-Double-Beam-Bridge-Crane.jpg 830w\" sizes=\"auto, (max-width: 300px) 100vw, 300px\" \/><\/a><\/div><div class=\"w-vwrapper usg_vwrapper_1 align_none valign_top\"><h4 class=\"w-post-elm post_title usg_post_title_1 entry-title\"><a href=\"https:\/\/www.qkingcrane.com\/es\/cases\/mexico-slab-steel-lifting-electromagnet-double-beam-bridge-crane\/\">Puente gr\u00faa electromagn\u00e9tico de doble viga para elevaci\u00f3n de losas de acero en M\u00e9xico<\/a><\/h4><div class=\"w-html usg_html_1\"><div>\n<\/div><\/div><div class=\"w-post-elm post_content usg_post_content_1\">Industry: Manufacturing IndustryLifting equipment: Steel plate lifting electromagnetCapacity: 80TLocation: Mexico,December 2023 As&hellip;<\/div><\/div>\t\t<\/div>\r\n\t\t\t<\/article>\r\n\t<article class=\"w-grid-item size_1x1 post-127 cases type-cases status-publish has-post-thumbnail hentry\" data-id=\"127\">\r\n\t\t<div class=\"w-grid-item-h\">\r\n\t\t\t\t\t\t<div class=\"w-post-elm post_image usg_post_image_1 stretched\"><a href=\"https:\/\/www.qkingcrane.com\/es\/cases\/vietnam-scrap-grab-double-beam-gantry-crane\/\" aria-label=\"Gr\u00faa p\u00f3rtico de doble viga con cuchara para chatarra de Vietnam\"><img loading=\"lazy\" decoding=\"async\" width=\"300\" height=\"200\" src=\"https:\/\/www.qkingcrane.com\/wp-content\/uploads\/Vietnam-Scrap-Grab-Double-Beam-Gantry-Crane-300x200.jpg\" class=\"attachment-thumbnail size-thumbnail wp-post-image\" alt=\"\" srcset=\"https:\/\/www.qkingcrane.com\/wp-content\/uploads\/Vietnam-Scrap-Grab-Double-Beam-Gantry-Crane-300x200.jpg 300w, https:\/\/www.qkingcrane.com\/wp-content\/uploads\/Vietnam-Scrap-Grab-Double-Beam-Gantry-Crane-600x400.jpg 600w, https:\/\/www.qkingcrane.com\/wp-content\/uploads\/Vietnam-Scrap-Grab-Double-Beam-Gantry-Crane.jpg 830w\" sizes=\"auto, (max-width: 300px) 100vw, 300px\" \/><\/a><\/div><div class=\"w-vwrapper usg_vwrapper_1 align_none valign_top\"><h4 class=\"w-post-elm post_title usg_post_title_1 entry-title\"><a href=\"https:\/\/www.qkingcrane.com\/es\/cases\/vietnam-scrap-grab-double-beam-gantry-crane\/\">Gr\u00faa p\u00f3rtico de doble viga con cuchara para chatarra de Vietnam<\/a><\/h4><div class=\"w-html usg_html_1\"><div>\n<\/div><\/div><div class=\"w-post-elm post_content usg_post_content_1\">Industry: Manufacturing IndustryLifting equipment: Scrap grabCapacity: 30TLocation: Vietnam,December 2023 With the increasing&hellip;<\/div><\/div>\t\t<\/div>\r\n\t\t\t<\/article>\r\n<\/div><div class=\"g-loadmore hidden\"><div class=\"g-preloader type_1\"><div><\/div><\/div><\/div><div class=\"w-grid-list-json hidden\" onclick='return {&quot;max_num_pages&quot;:0,&quot;paginationBase&quot;:&quot;page&quot;,&quot;pagination&quot;:&quot;none&quot;,&quot;paged&quot;:1,&quot;ajaxData&quot;:{&quot;action&quot;:&quot;us_ajax_post_list&quot;,&quot;meta_type&quot;:&quot;post&quot;,&quot;object_id&quot;:0,&quot;template_vars&quot;:{&quot;shortcode_base&quot;:&quot;us_post_list&quot;,&quot;paged&quot;:1,&quot;max_num_pages&quot;:0,&quot;no_results&quot;:false,&quot;us_post_content_design_css&quot;:[],&quot;found_posts&quot;:0,&quot;items_count&quot;:9,&quot;source&quot;:&quot;all&quot;,&quot;custom_field_name&quot;:&quot;&quot;,&quot;ids&quot;:&quot;&quot;,&quot;post_type&quot;:&quot;cases&quot;,&quot;attachment_ids&quot;:null,&quot;include_post_thumbnail&quot;:0,&quot;post_author&quot;:&quot;any&quot;,&quot;post_author_ids&quot;:&quot;&quot;,&quot;apply_url_params&quot;:0,&quot;ignore_sticky_posts&quot;:1,&quot;exclude_children&quot;:0,&quot;exclude_current_post&quot;:1,&quot;exclude_prev_posts&quot;:0,&quot;exclude_past_events&quot;:0,&quot;enable_items_offset&quot;:0,&quot;items_offset&quot;:&quot;1&quot;,&quot;tax_query_relation&quot;:&quot;none&quot;,&quot;tax_query&quot;:[{&quot;operator&quot;:&quot;IN&quot;,&quot;taxonomy&quot;:&quot;category&quot;,&quot;terms&quot;:&quot;&quot;,&quot;include_children&quot;:0}],&quot;meta_query_relation&quot;:&quot;none&quot;,&quot;meta_query&quot;:[{&quot;key&quot;:&quot;custom_field_name&quot;,&quot;compare&quot;:&quot;=&quot;,&quot;value&quot;:&quot;&quot;}],&quot;orderby&quot;:&quot;date&quot;,&quot;orderby_custom_field&quot;:&quot;&quot;,&quot;orderby_custom_type&quot;:0,&quot;order_invert&quot;:0,&quot;show_all&quot;:&quot;1&quot;,&quot;quantity&quot;:&quot;12&quot;,&quot;posts_per_archive_page&quot;:0,&quot;no_items_action&quot;:&quot;message&quot;,&quot;no_items_message&quot;:&quot;No se han encontrado resultados.&quot;,&quot;no_items_page_block&quot;:&quot;&quot;,&quot;pagination&quot;:&quot;none&quot;,&quot;pagination_style&quot;:&quot;&quot;,&quot;pagination_btn_text&quot;:&quot;Cargar m\\u00e1s&quot;,&quot;pagination_btn_size&quot;:&quot;&quot;,&quot;pagination_btn_style&quot;:&quot;1&quot;,&quot;pagination_btn_fullwidth&quot;:0,&quot;items_layout&quot;:&quot;52&quot;,&quot;type&quot;:&quot;grid&quot;,&quot;items_valign&quot;:0,&quot;ignore_items_size&quot;:0,&quot;columns&quot;:&quot;3&quot;,&quot;items_gap&quot;:&quot;1.5rem&quot;,&quot;load_animation&quot;:&quot;none&quot;,&quot;items_preload_style&quot;:&quot;spinner&quot;,&quot;img_size&quot;:&quot;default&quot;,&quot;title_size&quot;:&quot;&quot;,&quot;items_ratio&quot;:&quot;default&quot;,&quot;items_ratio_width&quot;:&quot;21&quot;,&quot;items_ratio_height&quot;:&quot;9&quot;,&quot;overriding_link&quot;:&quot;{\\&quot;url\\&quot;:\\&quot;\\&quot;}&quot;,&quot;popup_page_template&quot;:&quot;0&quot;,&quot;popup_width&quot;:&quot;&quot;,&quot;popup_arrows&quot;:1,&quot;breakpoint_1_width&quot;:&quot;1381px&quot;,&quot;breakpoint_1_cols&quot;:&quot;default&quot;,&quot;breakpoint_1_quantity&quot;:&quot;&quot;,&quot;breakpoint_1_gap&quot;:&quot;&quot;,&quot;breakpoint_2_width&quot;:&quot;1025px&quot;,&quot;breakpoint_2_cols&quot;:&quot;2&quot;,&quot;breakpoint_2_quantity&quot;:&quot;&quot;,&quot;breakpoint_2_gap&quot;:&quot;&quot;,&quot;breakpoint_3_width&quot;:&quot;601px&quot;,&quot;breakpoint_3_cols&quot;:&quot;1&quot;,&quot;breakpoint_3_quantity&quot;:&quot;&quot;,&quot;breakpoint_3_gap&quot;:&quot;&quot;,&quot;conditions_operator&quot;:&quot;always&quot;,&quot;conditions&quot;:[],&quot;css&quot;:null,&quot;el_class&quot;:&quot;&quot;,&quot;el_id&quot;:&quot;&quot;,&quot;enable_custom_html_atts&quot;:0,&quot;custom_html_atts&quot;:null,&quot;hide_on_states&quot;:&quot;&quot;,&quot;hide_for_sticky&quot;:0,&quot;hide_for_not_sticky&quot;:0,&quot;hide_below&quot;:&quot;0px&quot;,&quot;hide_above&quot;:&quot;0px&quot;,&quot;classes&quot;:&quot;&quot;}},&quot;facetedFilter&quot;:[]}'><\/div><\/div><\/div><\/div><\/div><\/div><\/section>","protected":false},"excerpt":{"rendered":"","protected":false},"author":1,"featured_media":0,"parent":0,"menu_order":0,"comment_status":"closed","ping_status":"closed","template":"","meta":{"_acf_changed":false,"footnotes":""},"class_list":["post-168","page","type-page","status-publish","hentry"],"acf":[],"_links":{"self":[{"href":"https:\/\/www.qkingcrane.com\/es\/wp-json\/wp\/v2\/pages\/168","targetHints":{"allow":["GET"]}}],"collection":[{"href":"https:\/\/www.qkingcrane.com\/es\/wp-json\/wp\/v2\/pages"}],"about":[{"href":"https:\/\/www.qkingcrane.com\/es\/wp-json\/wp\/v2\/types\/page"}],"author":[{"embeddable":true,"href":"https:\/\/www.qkingcrane.com\/es\/wp-json\/wp\/v2\/users\/1"}],"replies":[{"embeddable":true,"href":"https:\/\/www.qkingcrane.com\/es\/wp-json\/wp\/v2\/comments?post=168"}],"version-history":[{"count":0,"href":"https:\/\/www.qkingcrane.com\/es\/wp-json\/wp\/v2\/pages\/168\/revisions"}],"wp:attachment":[{"href":"https:\/\/www.qkingcrane.com\/es\/wp-json\/wp\/v2\/media?parent=168"}],"curies":[{"name":"wp","href":"https:\/\/api.w.org\/{rel}","templated":true}]}}