{"id":645,"date":"2025-03-14T09:07:40","date_gmt":"2025-03-14T01:07:40","guid":{"rendered":"https:\/\/www.qkingcrane.com\/?page_id=645"},"modified":"2025-03-14T12:22:47","modified_gmt":"2025-03-14T04:22:47","slug":"equipment","status":"publish","type":"page","link":"https:\/\/www.qkingcrane.com\/es\/equipment\/","title":{"rendered":"Equipo de producci\u00f3n"},"content":{"rendered":"<section class=\"l-section wpb_row us_custom_4f9f8b4e height_large color_alternate\"><div class=\"l-section-h i-cf\"><div class=\"g-cols vc_row via_grid cols_1-2 laptops-cols_inherit tablets-cols_inherit mobiles-cols_1 valign_top type_default stacking_default\"><div class=\"wpb_column vc_column_container\"><div class=\"vc_column-inner\"><h1 class=\"w-post-elm post_title entry-title color_link_inherit\">Equipo de producci\u00f3n<\/h1><\/div><\/div><div class=\"wpb_column vc_column_container\"><div class=\"vc_column-inner\"><div class=\"wpb_text_column\"><div class=\"wpb_wrapper\"><p><span>El proceso de producci\u00f3n de los productos Qking est\u00e1 equipado con tecnolog\u00eda avanzada y completa de fabricaci\u00f3n de gr\u00faas, equipos de soporte y sistemas de herramientas. Desde el pretratamiento del acero, el corte, la soldadura, el ensamblaje, el tratamiento t\u00e9rmico y la pintura, todo el proceso de producci\u00f3n cumple con estrictos requisitos y est\u00e1ndares de calidad, lo que garantiza que todos los aspectos de la producci\u00f3n cumplan con los requisitos y los altos est\u00e1ndares de calidad.<\/span><\/p>\n<\/div><\/div><\/div><\/div><\/div><\/div><\/section><section class=\"l-section wpb_row height_huge\"><div class=\"l-section-h i-cf\"><div class=\"g-cols vc_row via_grid cols_1 laptops-cols_inherit tablets-cols_inherit mobiles-cols_1 valign_top type_default stacking_default\"><div class=\"wpb_column vc_column_container\"><div class=\"vc_column-inner\"><h5 class=\"w-text\"><span class=\"w-text-h\"><span class=\"w-text-value\">L\u00ednea de producci\u00f3n de soldadura rob\u00f3tica de viga principal<\/span><\/span><\/h5><div class=\"w-gallery fit_cover type_grid action_popup_image ratio_custom count_2\" style=\"--columns:2;--items-gap:1rem;--items-ratio-width:2;--items-ratio-height:1;\"><div class=\"w-gallery-list\"><div class=\"w-gallery-item\"><div class=\"w-gallery-item-img\"><img loading=\"lazy\" decoding=\"async\" width=\"600\" height=\"250\" src=\"https:\/\/www.qkingcrane.com\/wp-content\/uploads\/0ac294625af813b614babb876c4f87fc-600x250.jpg\" class=\"attachment-medium size-medium\" alt=\"\" srcset=\"https:\/\/www.qkingcrane.com\/wp-content\/uploads\/0ac294625af813b614babb876c4f87fc-600x250.jpg 600w, https:\/\/www.qkingcrane.com\/wp-content\/uploads\/0ac294625af813b614babb876c4f87fc-1200x500.jpg 1200w, https:\/\/www.qkingcrane.com\/wp-content\/uploads\/0ac294625af813b614babb876c4f87fc-300x125.jpg 300w, https:\/\/www.qkingcrane.com\/wp-content\/uploads\/0ac294625af813b614babb876c4f87fc.jpg 1920w\" sizes=\"auto, (max-width: 600px) 100vw, 600px\" \/><\/div><div class=\"w-gallery-item-meta\"><div class=\"w-gallery-item-title\">Estaci\u00f3n de soldadura de costillas<\/div><\/div><a class=\"w-gallery-item-link\" aria-label=\"Estaci\u00f3n de soldadura de costillas\" href=\"https:\/\/www.qkingcrane.com\/wp-content\/uploads\/0ac294625af813b614babb876c4f87fc.jpg\" title=\"Estaci\u00f3n de soldadura de costillas\"><\/a><\/div><div class=\"w-gallery-item\"><div class=\"w-gallery-item-img\"><img loading=\"lazy\" decoding=\"async\" width=\"600\" height=\"250\" src=\"https:\/\/www.qkingcrane.com\/wp-content\/uploads\/a020bf8187965321ec1fc527c6a50828-600x250.jpg\" class=\"attachment-medium size-medium\" alt=\"\" srcset=\"https:\/\/www.qkingcrane.com\/wp-content\/uploads\/a020bf8187965321ec1fc527c6a50828-600x250.jpg 600w, https:\/\/www.qkingcrane.com\/wp-content\/uploads\/a020bf8187965321ec1fc527c6a50828-1200x500.jpg 1200w, https:\/\/www.qkingcrane.com\/wp-content\/uploads\/a020bf8187965321ec1fc527c6a50828-300x125.jpg 300w, https:\/\/www.qkingcrane.com\/wp-content\/uploads\/a020bf8187965321ec1fc527c6a50828.jpg 1920w\" sizes=\"auto, (max-width: 600px) 100vw, 600px\" \/><\/div><div class=\"w-gallery-item-meta\"><div class=\"w-gallery-item-title\">Estaci\u00f3n de soldadura de costura interior<\/div><\/div><a class=\"w-gallery-item-link\" aria-label=\"Estaci\u00f3n de soldadura de costura interior\" href=\"https:\/\/www.qkingcrane.com\/wp-content\/uploads\/a020bf8187965321ec1fc527c6a50828.jpg\" title=\"Estaci\u00f3n de soldadura de costura interior\"><\/a><\/div><\/div><\/div><div class=\"w-separator size_medium with_line width_default thick_1 style_solid color_border align_center\"><div class=\"w-separator-h\"><\/div><\/div><h5 class=\"w-text\"><span class=\"w-text-h\"><span class=\"w-text-value\">L\u00ednea de producci\u00f3n de soldadura rob\u00f3tica de vigas finales<\/span><\/span><\/h5><div class=\"w-gallery fit_cover type_grid action_popup_image ratio_custom count_2\" style=\"--columns:2;--items-gap:1rem;--items-ratio-width:2;--items-ratio-height:1;\"><div class=\"w-gallery-list\"><div class=\"w-gallery-item\"><div class=\"w-gallery-item-img\"><img loading=\"lazy\" decoding=\"async\" width=\"600\" height=\"250\" src=\"https:\/\/www.qkingcrane.com\/wp-content\/uploads\/656497359bde086c9fbc08da824a587a-600x250.jpg\" class=\"attachment-medium size-medium\" alt=\"\" srcset=\"https:\/\/www.qkingcrane.com\/wp-content\/uploads\/656497359bde086c9fbc08da824a587a-600x250.jpg 600w, https:\/\/www.qkingcrane.com\/wp-content\/uploads\/656497359bde086c9fbc08da824a587a-1200x500.jpg 1200w, https:\/\/www.qkingcrane.com\/wp-content\/uploads\/656497359bde086c9fbc08da824a587a-300x125.jpg 300w, https:\/\/www.qkingcrane.com\/wp-content\/uploads\/656497359bde086c9fbc08da824a587a.jpg 1920w\" sizes=\"auto, (max-width: 600px) 100vw, 600px\" \/><\/div><div class=\"w-gallery-item-meta\"><div class=\"w-gallery-item-title\"><\/div><\/div><a class=\"w-gallery-item-link\" aria-label href=\"https:\/\/www.qkingcrane.com\/wp-content\/uploads\/656497359bde086c9fbc08da824a587a.jpg\"><\/a><\/div><div class=\"w-gallery-item\"><div class=\"w-gallery-item-img\"><img loading=\"lazy\" decoding=\"async\" width=\"600\" height=\"250\" src=\"https:\/\/www.qkingcrane.com\/wp-content\/uploads\/3e0aeeaee95536962469144bef7cbb43-600x250.jpg\" class=\"attachment-medium size-medium\" alt=\"\" srcset=\"https:\/\/www.qkingcrane.com\/wp-content\/uploads\/3e0aeeaee95536962469144bef7cbb43-600x250.jpg 600w, https:\/\/www.qkingcrane.com\/wp-content\/uploads\/3e0aeeaee95536962469144bef7cbb43-1200x500.jpg 1200w, https:\/\/www.qkingcrane.com\/wp-content\/uploads\/3e0aeeaee95536962469144bef7cbb43-300x125.jpg 300w, https:\/\/www.qkingcrane.com\/wp-content\/uploads\/3e0aeeaee95536962469144bef7cbb43.jpg 1920w\" sizes=\"auto, (max-width: 600px) 100vw, 600px\" \/><\/div><div class=\"w-gallery-item-meta\"><div class=\"w-gallery-item-title\"><\/div><\/div><a class=\"w-gallery-item-link\" aria-label href=\"https:\/\/www.qkingcrane.com\/wp-content\/uploads\/3e0aeeaee95536962469144bef7cbb43.jpg\"><\/a><\/div><\/div><\/div><div class=\"w-separator size_medium with_line width_default thick_1 style_solid color_border align_center\"><div class=\"w-separator-h\"><\/div><\/div><h5 class=\"w-text\"><span class=\"w-text-h\"><span class=\"w-text-value\">L\u00ednea de producci\u00f3n de recubrimiento inteligente<\/span><\/span><\/h5><div class=\"w-gallery fit_cover type_grid action_popup_image ratio_custom count_4\" style=\"--columns:2;--items-gap:1rem;--items-ratio-width:2;--items-ratio-height:1;\"><div class=\"w-gallery-list\"><div class=\"w-gallery-item\"><div class=\"w-gallery-item-img\"><img loading=\"lazy\" decoding=\"async\" width=\"600\" height=\"250\" src=\"https:\/\/www.qkingcrane.com\/wp-content\/uploads\/f0a153a28f9625a8d657d3716a1769d8-600x250.jpg\" class=\"attachment-medium size-medium\" alt=\"\" srcset=\"https:\/\/www.qkingcrane.com\/wp-content\/uploads\/f0a153a28f9625a8d657d3716a1769d8-600x250.jpg 600w, https:\/\/www.qkingcrane.com\/wp-content\/uploads\/f0a153a28f9625a8d657d3716a1769d8-1200x500.jpg 1200w, https:\/\/www.qkingcrane.com\/wp-content\/uploads\/f0a153a28f9625a8d657d3716a1769d8-300x125.jpg 300w, https:\/\/www.qkingcrane.com\/wp-content\/uploads\/f0a153a28f9625a8d657d3716a1769d8.jpg 1920w\" sizes=\"auto, (max-width: 600px) 100vw, 600px\" \/><\/div><a class=\"w-gallery-item-link\" aria-label href=\"https:\/\/www.qkingcrane.com\/wp-content\/uploads\/f0a153a28f9625a8d657d3716a1769d8.jpg\"><\/a><\/div><div class=\"w-gallery-item\"><div class=\"w-gallery-item-img\"><img loading=\"lazy\" decoding=\"async\" width=\"600\" height=\"250\" src=\"https:\/\/www.qkingcrane.com\/wp-content\/uploads\/6826828bbb822d0ca12f9731ddf292e8-600x250.jpg\" class=\"attachment-medium size-medium\" alt=\"\" srcset=\"https:\/\/www.qkingcrane.com\/wp-content\/uploads\/6826828bbb822d0ca12f9731ddf292e8-600x250.jpg 600w, https:\/\/www.qkingcrane.com\/wp-content\/uploads\/6826828bbb822d0ca12f9731ddf292e8-1200x500.jpg 1200w, https:\/\/www.qkingcrane.com\/wp-content\/uploads\/6826828bbb822d0ca12f9731ddf292e8-300x125.jpg 300w, https:\/\/www.qkingcrane.com\/wp-content\/uploads\/6826828bbb822d0ca12f9731ddf292e8.jpg 1920w\" sizes=\"auto, (max-width: 600px) 100vw, 600px\" \/><\/div><a class=\"w-gallery-item-link\" aria-label href=\"https:\/\/www.qkingcrane.com\/wp-content\/uploads\/6826828bbb822d0ca12f9731ddf292e8.jpg\"><\/a><\/div><div class=\"w-gallery-item\"><div class=\"w-gallery-item-img\"><img loading=\"lazy\" decoding=\"async\" width=\"600\" height=\"250\" src=\"https:\/\/www.qkingcrane.com\/wp-content\/uploads\/dc7c32630535e37adca80344f5d37368-600x250.jpg\" class=\"attachment-medium size-medium\" alt=\"\" srcset=\"https:\/\/www.qkingcrane.com\/wp-content\/uploads\/dc7c32630535e37adca80344f5d37368-600x250.jpg 600w, https:\/\/www.qkingcrane.com\/wp-content\/uploads\/dc7c32630535e37adca80344f5d37368-1200x500.jpg 1200w, https:\/\/www.qkingcrane.com\/wp-content\/uploads\/dc7c32630535e37adca80344f5d37368-300x125.jpg 300w, https:\/\/www.qkingcrane.com\/wp-content\/uploads\/dc7c32630535e37adca80344f5d37368.jpg 1920w\" sizes=\"auto, (max-width: 600px) 100vw, 600px\" \/><\/div><a class=\"w-gallery-item-link\" aria-label href=\"https:\/\/www.qkingcrane.com\/wp-content\/uploads\/dc7c32630535e37adca80344f5d37368.jpg\"><\/a><\/div><div class=\"w-gallery-item\"><div class=\"w-gallery-item-img\"><img loading=\"lazy\" decoding=\"async\" width=\"600\" height=\"250\" src=\"https:\/\/www.qkingcrane.com\/wp-content\/uploads\/dc8aa94d76dbb8b271dffef0f7971fad-600x250.jpg\" class=\"attachment-medium size-medium\" alt=\"\" srcset=\"https:\/\/www.qkingcrane.com\/wp-content\/uploads\/dc8aa94d76dbb8b271dffef0f7971fad-600x250.jpg 600w, https:\/\/www.qkingcrane.com\/wp-content\/uploads\/dc8aa94d76dbb8b271dffef0f7971fad-1200x500.jpg 1200w, https:\/\/www.qkingcrane.com\/wp-content\/uploads\/dc8aa94d76dbb8b271dffef0f7971fad-300x125.jpg 300w, https:\/\/www.qkingcrane.com\/wp-content\/uploads\/dc8aa94d76dbb8b271dffef0f7971fad.jpg 1920w\" sizes=\"auto, (max-width: 600px) 100vw, 600px\" \/><\/div><a class=\"w-gallery-item-link\" aria-label href=\"https:\/\/www.qkingcrane.com\/wp-content\/uploads\/dc8aa94d76dbb8b271dffef0f7971fad.jpg\"><\/a><\/div><\/div><\/div><div class=\"w-separator size_medium with_line width_default thick_1 style_solid color_border align_center\"><div class=\"w-separator-h\"><\/div><\/div><div class=\"w-gallery fit_cover type_grid action_popup_image ratio_custom count_7\" style=\"--columns:1;--items-gap:1rem;--items-ratio-width:21;--items-ratio-height:9;\"><div class=\"w-gallery-list\"><div class=\"w-gallery-item\"><div class=\"w-gallery-item-img\"><img loading=\"lazy\" decoding=\"async\" width=\"1200\" height=\"540\" src=\"https:\/\/www.qkingcrane.com\/wp-content\/uploads\/aa06c9d68c2c77bad2f5e83009f97a90-1200x540.jpg\" class=\"attachment-large size-large\" alt=\"\" srcset=\"https:\/\/www.qkingcrane.com\/wp-content\/uploads\/aa06c9d68c2c77bad2f5e83009f97a90-1200x540.jpg 1200w, https:\/\/www.qkingcrane.com\/wp-content\/uploads\/aa06c9d68c2c77bad2f5e83009f97a90-600x270.jpg 600w, https:\/\/www.qkingcrane.com\/wp-content\/uploads\/aa06c9d68c2c77bad2f5e83009f97a90-300x135.jpg 300w, https:\/\/www.qkingcrane.com\/wp-content\/uploads\/aa06c9d68c2c77bad2f5e83009f97a90.jpg 1920w\" sizes=\"auto, (max-width: 1200px) 100vw, 1200px\" \/><\/div><a class=\"w-gallery-item-link\" aria-label=\"aa06c9d68c2c77bad2f5e83009f97a90\" href=\"https:\/\/www.qkingcrane.com\/wp-content\/uploads\/aa06c9d68c2c77bad2f5e83009f97a90.jpg\"><\/a><\/div><div class=\"w-gallery-item\"><div class=\"w-gallery-item-img\"><img loading=\"lazy\" decoding=\"async\" width=\"1200\" height=\"540\" src=\"https:\/\/www.qkingcrane.com\/wp-content\/uploads\/806f2c05c35c111bb3f82787aab3423f-1200x540.jpg\" class=\"attachment-large size-large\" alt=\"\" srcset=\"https:\/\/www.qkingcrane.com\/wp-content\/uploads\/806f2c05c35c111bb3f82787aab3423f-1200x540.jpg 1200w, https:\/\/www.qkingcrane.com\/wp-content\/uploads\/806f2c05c35c111bb3f82787aab3423f-600x270.jpg 600w, https:\/\/www.qkingcrane.com\/wp-content\/uploads\/806f2c05c35c111bb3f82787aab3423f-300x135.jpg 300w, https:\/\/www.qkingcrane.com\/wp-content\/uploads\/806f2c05c35c111bb3f82787aab3423f.jpg 1920w\" sizes=\"auto, (max-width: 1200px) 100vw, 1200px\" \/><\/div><a class=\"w-gallery-item-link\" aria-label=\"806f2c05c35c111bb3f82787aab3423f\" href=\"https:\/\/www.qkingcrane.com\/wp-content\/uploads\/806f2c05c35c111bb3f82787aab3423f.jpg\"><\/a><\/div><div class=\"w-gallery-item\"><div class=\"w-gallery-item-img\"><img loading=\"lazy\" decoding=\"async\" width=\"1200\" height=\"540\" src=\"https:\/\/www.qkingcrane.com\/wp-content\/uploads\/84862459e5f6b9afd76fe4cb4877b433-1200x540.jpg\" class=\"attachment-large size-large\" alt=\"\" srcset=\"https:\/\/www.qkingcrane.com\/wp-content\/uploads\/84862459e5f6b9afd76fe4cb4877b433-1200x540.jpg 1200w, https:\/\/www.qkingcrane.com\/wp-content\/uploads\/84862459e5f6b9afd76fe4cb4877b433-600x270.jpg 600w, https:\/\/www.qkingcrane.com\/wp-content\/uploads\/84862459e5f6b9afd76fe4cb4877b433-300x135.jpg 300w, https:\/\/www.qkingcrane.com\/wp-content\/uploads\/84862459e5f6b9afd76fe4cb4877b433.jpg 1920w\" sizes=\"auto, (max-width: 1200px) 100vw, 1200px\" \/><\/div><a class=\"w-gallery-item-link\" aria-label=\"84862459e5f6b9afd76fe4cb4877b433\" href=\"https:\/\/www.qkingcrane.com\/wp-content\/uploads\/84862459e5f6b9afd76fe4cb4877b433.jpg\"><\/a><\/div><div class=\"w-gallery-item\"><div class=\"w-gallery-item-img\"><img loading=\"lazy\" decoding=\"async\" width=\"1200\" height=\"540\" src=\"https:\/\/www.qkingcrane.com\/wp-content\/uploads\/0379bd8c389008bae16657fd167cfcca-1200x540.jpg\" class=\"attachment-large size-large\" alt=\"\" srcset=\"https:\/\/www.qkingcrane.com\/wp-content\/uploads\/0379bd8c389008bae16657fd167cfcca-1200x540.jpg 1200w, https:\/\/www.qkingcrane.com\/wp-content\/uploads\/0379bd8c389008bae16657fd167cfcca-600x270.jpg 600w, https:\/\/www.qkingcrane.com\/wp-content\/uploads\/0379bd8c389008bae16657fd167cfcca-300x135.jpg 300w, https:\/\/www.qkingcrane.com\/wp-content\/uploads\/0379bd8c389008bae16657fd167cfcca.jpg 1920w\" sizes=\"auto, (max-width: 1200px) 100vw, 1200px\" \/><\/div><a class=\"w-gallery-item-link\" aria-label=\"0379bd8c389008bae16657fd167cfcca\" href=\"https:\/\/www.qkingcrane.com\/wp-content\/uploads\/0379bd8c389008bae16657fd167cfcca.jpg\"><\/a><\/div><div class=\"w-gallery-item\"><div class=\"w-gallery-item-img\"><img loading=\"lazy\" decoding=\"async\" width=\"1200\" height=\"540\" src=\"https:\/\/www.qkingcrane.com\/wp-content\/uploads\/408b78d5f2a81791cefcf0614f0bf7f8-1200x540.jpg\" class=\"attachment-large size-large\" alt=\"\" srcset=\"https:\/\/www.qkingcrane.com\/wp-content\/uploads\/408b78d5f2a81791cefcf0614f0bf7f8-1200x540.jpg 1200w, https:\/\/www.qkingcrane.com\/wp-content\/uploads\/408b78d5f2a81791cefcf0614f0bf7f8-600x270.jpg 600w, https:\/\/www.qkingcrane.com\/wp-content\/uploads\/408b78d5f2a81791cefcf0614f0bf7f8-300x135.jpg 300w, https:\/\/www.qkingcrane.com\/wp-content\/uploads\/408b78d5f2a81791cefcf0614f0bf7f8.jpg 1920w\" sizes=\"auto, (max-width: 1200px) 100vw, 1200px\" \/><\/div><a class=\"w-gallery-item-link\" aria-label=\"408b78d5f2a81791cefcf0614f0bf7f8\" href=\"https:\/\/www.qkingcrane.com\/wp-content\/uploads\/408b78d5f2a81791cefcf0614f0bf7f8.jpg\"><\/a><\/div><div class=\"w-gallery-item\"><div class=\"w-gallery-item-img\"><img loading=\"lazy\" decoding=\"async\" width=\"1200\" height=\"540\" src=\"https:\/\/www.qkingcrane.com\/wp-content\/uploads\/515839f907d8b077c7a028775da0abe9-1200x540.jpg\" class=\"attachment-large size-large\" alt=\"\" srcset=\"https:\/\/www.qkingcrane.com\/wp-content\/uploads\/515839f907d8b077c7a028775da0abe9-1200x540.jpg 1200w, https:\/\/www.qkingcrane.com\/wp-content\/uploads\/515839f907d8b077c7a028775da0abe9-600x270.jpg 600w, https:\/\/www.qkingcrane.com\/wp-content\/uploads\/515839f907d8b077c7a028775da0abe9-300x135.jpg 300w, https:\/\/www.qkingcrane.com\/wp-content\/uploads\/515839f907d8b077c7a028775da0abe9.jpg 1920w\" sizes=\"auto, (max-width: 1200px) 100vw, 1200px\" \/><\/div><a class=\"w-gallery-item-link\" aria-label=\"515839f907d8b077c7a028775da0abe9\" href=\"https:\/\/www.qkingcrane.com\/wp-content\/uploads\/515839f907d8b077c7a028775da0abe9.jpg\"><\/a><\/div><div class=\"w-gallery-item\"><div class=\"w-gallery-item-img\"><img loading=\"lazy\" decoding=\"async\" width=\"1200\" height=\"500\" src=\"https:\/\/www.qkingcrane.com\/wp-content\/uploads\/cd2dc726fd70c7d641849ed8cd39243c-1200x500.jpg\" class=\"attachment-large size-large\" alt=\"\" srcset=\"https:\/\/www.qkingcrane.com\/wp-content\/uploads\/cd2dc726fd70c7d641849ed8cd39243c-1200x500.jpg 1200w, https:\/\/www.qkingcrane.com\/wp-content\/uploads\/cd2dc726fd70c7d641849ed8cd39243c-600x250.jpg 600w, https:\/\/www.qkingcrane.com\/wp-content\/uploads\/cd2dc726fd70c7d641849ed8cd39243c-300x125.jpg 300w, https:\/\/www.qkingcrane.com\/wp-content\/uploads\/cd2dc726fd70c7d641849ed8cd39243c.jpg 1920w\" sizes=\"auto, (max-width: 1200px) 100vw, 1200px\" \/><\/div><a class=\"w-gallery-item-link\" aria-label=\"cd2dc726fd70c7d641849ed8cd39243c\" href=\"https:\/\/www.qkingcrane.com\/wp-content\/uploads\/cd2dc726fd70c7d641849ed8cd39243c.jpg\"><\/a><\/div><\/div><\/div><\/div><\/div><\/div><\/div><\/section>","protected":false},"excerpt":{"rendered":"","protected":false},"author":1,"featured_media":0,"parent":0,"menu_order":0,"comment_status":"closed","ping_status":"closed","template":"","meta":{"_acf_changed":false,"footnotes":""},"class_list":["post-645","page","type-page","status-publish","hentry"],"acf":[],"_links":{"self":[{"href":"https:\/\/www.qkingcrane.com\/es\/wp-json\/wp\/v2\/pages\/645","targetHints":{"allow":["GET"]}}],"collection":[{"href":"https:\/\/www.qkingcrane.com\/es\/wp-json\/wp\/v2\/pages"}],"about":[{"href":"https:\/\/www.qkingcrane.com\/es\/wp-json\/wp\/v2\/types\/page"}],"author":[{"embeddable":true,"href":"https:\/\/www.qkingcrane.com\/es\/wp-json\/wp\/v2\/users\/1"}],"replies":[{"embeddable":true,"href":"https:\/\/www.qkingcrane.com\/es\/wp-json\/wp\/v2\/comments?post=645"}],"version-history":[{"count":0,"href":"https:\/\/www.qkingcrane.com\/es\/wp-json\/wp\/v2\/pages\/645\/revisions"}],"wp:attachment":[{"href":"https:\/\/www.qkingcrane.com\/es\/wp-json\/wp\/v2\/media?parent=645"}],"curies":[{"name":"wp","href":"https:\/\/api.w.org\/{rel}","templated":true}]}}