{"id":166,"date":"2025-03-11T10:15:40","date_gmt":"2025-03-11T02:15:40","guid":{"rendered":"https:\/\/www.qkingcrane.com\/?page_id=166"},"modified":"2025-03-12T12:41:29","modified_gmt":"2025-03-12T04:41:29","slug":"products","status":"publish","type":"page","link":"https:\/\/www.qkingcrane.com\/fr\/products\/","title":{"rendered":"Produits"},"content":{"rendered":"<section class=\"l-section wpb_row us_custom_eb849559 height_huge width_custom color_alternate\" style=\"--site-content-width:1070px;\"><div class=\"l-section-h i-cf\"><div class=\"g-cols vc_row via_grid cols_1 laptops-cols_inherit tablets-cols_inherit mobiles-cols_1 valign_middle type_default stacking_default\"><div class=\"wpb_column vc_column_container\"><div class=\"vc_column-inner\"><h1 class=\"w-post-elm post_title entry-title color_link_inherit\">Produits<\/h1><div class=\"wpb_text_column\"><div class=\"wpb_wrapper\"><p><span>Notre mission est de faciliter la r\u00e9alisation de vos projets. C&#039;est pourquoi nous proposons une vari\u00e9t\u00e9 de produits et services \u00e0 nos clients, afin que vous puissiez toujours trouver ce que vous cherchez. Des grues aux pi\u00e8ces d\u00e9tach\u00e9es et au service apr\u00e8s-vente, nous avons tout ce dont vous avez besoin pour votre prochain grand projet.<\/span><\/p>\n<\/div><\/div><\/div><\/div><\/div><\/div><\/section><section class=\"l-section wpb_row height_huge\"><div class=\"l-section-h i-cf\"><div class=\"g-cols vc_row via_grid cols_1 laptops-cols_inherit tablets-cols_inherit mobiles-cols_1 valign_top type_default stacking_default\"><div class=\"wpb_column vc_column_container\"><div class=\"vc_column-inner\"><div class=\"w-grid us_term_list type_grid layout_364 cols_1 preload_style_spinner\" id=\"us_grid_oc7f\" style=\"--columns:1;--gap:1.5rem;\"><style>.layout_364 .w-grid-item-h{}.layout_364 .usg_post_image_1{transition-duration:0.3s;transform-origin:50% 50%;transform:scale(1) translate(0%,0%)}.layout_364 .w-grid-item-h:focus-within .usg_post_image_1,.layout_364 .w-grid-item-h:hover .usg_post_image_1{transform:scale(1.05) translate(0%,0%);opacity:0.9}.layout_364 .usg_hwrapper_1{transition-duration:0.3s;transform-origin:50% 50%;transform:scale(1) translate(0%,0%)}.layout_364 .w-grid-item-h:focus-within .usg_hwrapper_1,.layout_364 .w-grid-item-h:hover .usg_hwrapper_1{transform:scale(1) translate(0%,0%);opacity:1;background:#f0f0f0!important}.layout_364 .usg_post_custom_field_1{transition-duration:0.3s;transform-origin:50% 50%;transform:scale(1) translate(0%,0%)}.layout_364 .w-grid-item-h:focus-within .usg_post_custom_field_1,.layout_364 .w-grid-item-h:hover .usg_post_custom_field_1{transform:scale(1.05) translate(0%,0%);opacity:0.9}.layout_364 .usg_post_image_1{width:45%!important;max-width:400px!important}.layout_364 .usg_post_title_1{font-size:1.6rem!important;font-weight:700!important;margin-bottom:0.2rem!important}.layout_364 .usg_hwrapper_1{border-radius:0.3em!important;overflow:hidden!important;border:1px solid var(--color-content-border)!important;box-shadow:0 0 1rem 0 rgba(0,0,0,0.05)!important}.layout_364 .usg_vwrapper_1{width:55%!important;padding:3rem!important}.layout_364 .usg_post_content_1{margin-top:1rem!important;margin-bottom:1.3rem!important}.layout_364 .usg_text_1{font-weight:600!important}.layout_364 .usg_post_taxonomy_1{color:var(--color-content-faded)!important}.layout_364 .usg_post_custom_field_1{width:45%!important;max-width:400px!important}@media (min-width:1025px) and (max-width:1380px){.layout_364 .usg_post_image_1{width:45%!important}.layout_364 .usg_post_title_1{font-size:1.6rem!important;font-weight:700!important}.layout_364 .usg_vwrapper_1{width:55%!important;padding:3rem!important}.layout_364 .usg_post_custom_field_1{width:45%!important}}@media (min-width:601px) and (max-width:1024px){.layout_364 .usg_post_image_1{width:100%!important}.layout_364 .usg_post_title_1{font-size:1.6rem!important;font-weight:700!important}.layout_364 .usg_vwrapper_1{width:100%!important;max-width:600px!important;padding:3rem!important}.layout_364 .usg_post_custom_field_1{width:100%!important}}@media (max-width:600px){.layout_364 .usg_post_image_1{width:100%!important}.layout_364 .usg_post_title_1{font-size:1.3rem!important;font-weight:700!important}.layout_364 .usg_vwrapper_1{width:100%!important;padding:2rem!important}.layout_364 .usg_post_custom_field_1{width:100%!important}}<\/style><div class=\"w-grid-list\">\t<div class=\"w-grid-item type_term term-2 term-overhead-cranes ratio_1x1\">\r\n\t\t<div class=\"w-grid-item-h\">\r\n\t\t\t\t\t\t\t<a href=\"https:\/\/www.qkingcrane.com\/fr\/products_category\/overhead-cranes\/\" class=\"w-grid-item-anchor\" aria-label=\"Ponts roulants\"><\/a>\r\n\t\t\t\t\t\t<div class=\"w-hwrapper usg_hwrapper_1 align_none valign_stretch wrap\" style=\"--hwrapper-gap:0rem\"><div class=\"w-post-elm post_custom_field usg_post_custom_field_1 type_image \u4ea7\u54c1\u5206\u7c7b\u56fe\u7247 color_link_inherit has_ratio\"><div style=\"padding-bottom:75%\"><\/div><img loading=\"lazy\" decoding=\"async\" width=\"540\" height=\"540\" src=\"https:\/\/www.qkingcrane.com\/wp-content\/uploads\/Overhead-Crane.jpg\" class=\"attachment-medium size-medium\" alt=\"\" \/><\/div><div class=\"w-vwrapper usg_vwrapper_1 align_none valign_middle\"><h2 class=\"w-post-elm post_title usg_post_title_1 entry-title color_link_inherit\">Ponts roulants<\/h2><div class=\"w-post-elm post_content usg_post_content_1\">Overhead crane is a machine that moves a load horizontally across the ceiling of a facility rather than down corridors or on the floor. Overhead cranes have significant lifting power\u2026<\/div><div class=\"w-text usg_text_1 icon_atleft\"><span class=\"w-text-h\"><i class=\"fad fa-align-right\"><\/i><span class=\"w-text-value\">En savoir plus \u2192<\/span><\/span><\/div><\/div><\/div>\t\t<\/div>\r\n\t\t\t<\/div>\r\n\t<div class=\"w-grid-item type_term term-3 term-gantry-cranes ratio_1x1\">\r\n\t\t<div class=\"w-grid-item-h\">\r\n\t\t\t\t\t\t\t<a href=\"https:\/\/www.qkingcrane.com\/fr\/products_category\/gantry-cranes\/\" class=\"w-grid-item-anchor\" aria-label=\"Grues \u00e0 portique\"><\/a>\r\n\t\t\t\t\t\t<div class=\"w-hwrapper usg_hwrapper_1 align_none valign_stretch wrap\" style=\"--hwrapper-gap:0rem\"><div class=\"w-post-elm post_custom_field usg_post_custom_field_1 type_image \u4ea7\u54c1\u5206\u7c7b\u56fe\u7247 color_link_inherit has_ratio\"><div style=\"padding-bottom:75%\"><\/div><img loading=\"lazy\" decoding=\"async\" width=\"540\" height=\"540\" src=\"https:\/\/www.qkingcrane.com\/wp-content\/uploads\/Gantry-Cranes.jpg\" class=\"attachment-medium size-medium\" alt=\"\" \/><\/div><div class=\"w-vwrapper usg_vwrapper_1 align_none valign_middle\"><h2 class=\"w-post-elm post_title usg_post_title_1 entry-title color_link_inherit\">Grues \u00e0 portique<\/h2><div class=\"w-post-elm post_content usg_post_content_1\">A gantry crane is a crane built atop a gantry, which is a structure used to straddle an object or workspace. They can range from enormous \"full\" gantry cranes, capable\u2026<\/div><div class=\"w-text usg_text_1 icon_atleft\"><span class=\"w-text-h\"><i class=\"fad fa-align-right\"><\/i><span class=\"w-text-value\">En savoir plus \u2192<\/span><\/span><\/div><\/div><\/div>\t\t<\/div>\r\n\t\t\t<\/div>\r\n\t<div class=\"w-grid-item type_term term-6 term-light-cranes ratio_1x1\">\r\n\t\t<div class=\"w-grid-item-h\">\r\n\t\t\t\t\t\t\t<a href=\"https:\/\/www.qkingcrane.com\/fr\/products_category\/light-cranes\/\" class=\"w-grid-item-anchor\" aria-label=\"Grues l\u00e9g\u00e8res\"><\/a>\r\n\t\t\t\t\t\t<div class=\"w-hwrapper usg_hwrapper_1 align_none valign_stretch wrap\" style=\"--hwrapper-gap:0rem\"><div class=\"w-post-elm post_custom_field usg_post_custom_field_1 type_image \u4ea7\u54c1\u5206\u7c7b\u56fe\u7247 color_link_inherit has_ratio\"><div style=\"padding-bottom:75%\"><\/div><img loading=\"lazy\" decoding=\"async\" width=\"540\" height=\"540\" src=\"https:\/\/www.qkingcrane.com\/wp-content\/uploads\/Light-Cranes.jpg\" class=\"attachment-medium size-medium\" alt=\"\" \/><\/div><div class=\"w-vwrapper usg_vwrapper_1 align_none valign_middle\"><h2 class=\"w-post-elm post_title usg_post_title_1 entry-title color_link_inherit\">Grues l\u00e9g\u00e8res<\/h2><div class=\"w-post-elm post_content usg_post_content_1\">Light Crane is an advanced modular monorail and crane building program which provides flexible ergonomic solutions for work station lifting and movement, powered by the Street electric chain hoist running\u2026<\/div><div class=\"w-text usg_text_1 icon_atleft\"><span class=\"w-text-h\"><i class=\"fad fa-align-right\"><\/i><span class=\"w-text-value\">En savoir plus \u2192<\/span><\/span><\/div><\/div><\/div>\t\t<\/div>\r\n\t\t\t<\/div>\r\n\t<div class=\"w-grid-item type_term term-4 term-port-cranes ratio_1x1\">\r\n\t\t<div class=\"w-grid-item-h\">\r\n\t\t\t\t\t\t\t<a href=\"https:\/\/www.qkingcrane.com\/fr\/products_category\/port-cranes\/\" class=\"w-grid-item-anchor\" aria-label=\"Grues portuaires\"><\/a>\r\n\t\t\t\t\t\t<div class=\"w-hwrapper usg_hwrapper_1 align_none valign_stretch wrap\" style=\"--hwrapper-gap:0rem\"><div class=\"w-post-elm post_custom_field usg_post_custom_field_1 type_image \u4ea7\u54c1\u5206\u7c7b\u56fe\u7247 color_link_inherit has_ratio\"><div style=\"padding-bottom:75%\"><\/div><img loading=\"lazy\" decoding=\"async\" width=\"540\" height=\"540\" src=\"https:\/\/www.qkingcrane.com\/wp-content\/uploads\/Port-Cranes.jpg\" class=\"attachment-medium size-medium\" alt=\"\" \/><\/div><div class=\"w-vwrapper usg_vwrapper_1 align_none valign_middle\"><h2 class=\"w-post-elm post_title usg_post_title_1 entry-title color_link_inherit\">Grues portuaires<\/h2><div class=\"w-post-elm post_content usg_post_content_1\">Port cranes serve a relatively simple, but critical, purpose: handling and transporting shipping containers to and from ships and throughout a terminal. This is true across all port cranes, regardless\u2026<\/div><div class=\"w-text usg_text_1 icon_atleft\"><span class=\"w-text-h\"><i class=\"fad fa-align-right\"><\/i><span class=\"w-text-value\">En savoir plus \u2192<\/span><\/span><\/div><\/div><\/div>\t\t<\/div>\r\n\t\t\t<\/div>\r\n\t<div class=\"w-grid-item type_term term-5 term-electric-hoist ratio_1x1\">\r\n\t\t<div class=\"w-grid-item-h\">\r\n\t\t\t\t\t\t\t<a href=\"https:\/\/www.qkingcrane.com\/fr\/products_category\/electric-hoist\/\" class=\"w-grid-item-anchor\" aria-label=\"Palan \u00e9lectrique\"><\/a>\r\n\t\t\t\t\t\t<div class=\"w-hwrapper usg_hwrapper_1 align_none valign_stretch wrap\" style=\"--hwrapper-gap:0rem\"><div class=\"w-post-elm post_custom_field usg_post_custom_field_1 type_image \u4ea7\u54c1\u5206\u7c7b\u56fe\u7247 color_link_inherit has_ratio\"><div style=\"padding-bottom:75%\"><\/div><img loading=\"lazy\" decoding=\"async\" width=\"540\" height=\"540\" src=\"https:\/\/www.qkingcrane.com\/wp-content\/uploads\/Electric-Hoist2.jpg\" class=\"attachment-medium size-medium\" alt=\"\" \/><\/div><div class=\"w-vwrapper usg_vwrapper_1 align_none valign_middle\"><h2 class=\"w-post-elm post_title usg_post_title_1 entry-title color_link_inherit\">Palan \u00e9lectrique<\/h2><div class=\"w-post-elm post_content usg_post_content_1\">Electric hoists are devices designed for lifting, lowering, and moving materials and products. Powered by an electric motor and equipped with a controller to manage lifting settings, they are ideal\u2026<\/div><div class=\"w-text usg_text_1 icon_atleft\"><span class=\"w-text-h\"><i class=\"fad fa-align-right\"><\/i><span class=\"w-text-value\">En savoir plus \u2192<\/span><\/span><\/div><\/div><\/div>\t\t<\/div>\r\n\t\t\t<\/div>\r\n<\/div><\/div><\/div><\/div><\/div><\/div><\/section>","protected":false},"excerpt":{"rendered":"","protected":false},"author":1,"featured_media":0,"parent":0,"menu_order":0,"comment_status":"closed","ping_status":"closed","template":"","meta":{"_acf_changed":false,"footnotes":""},"class_list":["post-166","page","type-page","status-publish","hentry"],"acf":[],"_links":{"self":[{"href":"https:\/\/www.qkingcrane.com\/fr\/wp-json\/wp\/v2\/pages\/166","targetHints":{"allow":["GET"]}}],"collection":[{"href":"https:\/\/www.qkingcrane.com\/fr\/wp-json\/wp\/v2\/pages"}],"about":[{"href":"https:\/\/www.qkingcrane.com\/fr\/wp-json\/wp\/v2\/types\/page"}],"author":[{"embeddable":true,"href":"https:\/\/www.qkingcrane.com\/fr\/wp-json\/wp\/v2\/users\/1"}],"replies":[{"embeddable":true,"href":"https:\/\/www.qkingcrane.com\/fr\/wp-json\/wp\/v2\/comments?post=166"}],"version-history":[{"count":0,"href":"https:\/\/www.qkingcrane.com\/fr\/wp-json\/wp\/v2\/pages\/166\/revisions"}],"wp:attachment":[{"href":"https:\/\/www.qkingcrane.com\/fr\/wp-json\/wp\/v2\/media?parent=166"}],"curies":[{"name":"wp","href":"https:\/\/api.w.org\/{rel}","templated":true}]}}