{"id":172,"date":"2025-03-11T10:17:06","date_gmt":"2025-03-11T02:17:06","guid":{"rendered":"https:\/\/www.qkingcrane.com\/?page_id=172"},"modified":"2025-03-27T07:33:13","modified_gmt":"2025-03-26T23:33:13","slug":"news","status":"publish","type":"page","link":"https:\/\/www.qkingcrane.com\/fr\/news\/","title":{"rendered":"Nouvelles"},"content":{"rendered":"<section class=\"l-section wpb_row height_huge\"><div class=\"l-section-h i-cf\"><div class=\"g-cols vc_row via_grid cols_1 laptops-cols_inherit tablets-cols_inherit mobiles-cols_1 valign_top type_default stacking_default\"><div class=\"wpb_column vc_column_container\"><div class=\"vc_column-inner\"><h1 class=\"w-post-elm post_title entry-title color_link_inherit\">Nouvelles<\/h1><div class=\"w-separator size_small\"><\/div><div class=\"w-grid us_post_list type_grid layout_364 cols_1 pagination_numbered preload_style_spinner\" id=\"us_post_list_b2fb\" style=\"--columns:1;--gap:1.5rem;\"><style>.layout_364 .w-grid-item-h{}.layout_364 .usg_post_image_1{transition-duration:0.3s;transform-origin:50% 50%;transform:scale(1) translate(0%,0%)}.layout_364 .w-grid-item-h:focus-within .usg_post_image_1,.layout_364 .w-grid-item-h:hover .usg_post_image_1{transform:scale(1.05) translate(0%,0%);opacity:0.9}.layout_364 .usg_hwrapper_1{transition-duration:0.3s;transform-origin:50% 50%;transform:scale(1) translate(0%,0%)}.layout_364 .w-grid-item-h:focus-within .usg_hwrapper_1,.layout_364 .w-grid-item-h:hover .usg_hwrapper_1{transform:scale(1) translate(0%,0%);opacity:1;background:#f0f0f0!important}.layout_364 .usg_post_custom_field_1{transition-duration:0.3s;transform-origin:50% 50%;transform:scale(1) translate(0%,0%)}.layout_364 .w-grid-item-h:focus-within .usg_post_custom_field_1,.layout_364 .w-grid-item-h:hover .usg_post_custom_field_1{transform:scale(1.05) translate(0%,0%);opacity:0.9}.layout_364 .usg_post_image_1{width:45%!important;max-width:400px!important}.layout_364 .usg_post_title_1{font-size:1.6rem!important;font-weight:700!important;margin-bottom:0.2rem!important}.layout_364 .usg_hwrapper_1{border-radius:0.3em!important;overflow:hidden!important;border:1px solid var(--color-content-border)!important;box-shadow:0 0 1rem 0 rgba(0,0,0,0.05)!important}.layout_364 .usg_vwrapper_1{width:55%!important;padding:3rem!important}.layout_364 .usg_post_content_1{margin-top:1rem!important;margin-bottom:1.3rem!important}.layout_364 .usg_text_1{font-weight:600!important}.layout_364 .usg_post_taxonomy_1{color:var(--color-content-faded)!important}.layout_364 .usg_post_custom_field_1{width:45%!important;max-width:400px!important}@media (min-width:1025px) and (max-width:1380px){.layout_364 .usg_post_image_1{width:45%!important}.layout_364 .usg_post_title_1{font-size:1.6rem!important;font-weight:700!important}.layout_364 .usg_vwrapper_1{width:55%!important;padding:3rem!important}.layout_364 .usg_post_custom_field_1{width:45%!important}}@media (min-width:601px) and (max-width:1024px){.layout_364 .usg_post_image_1{width:100%!important}.layout_364 .usg_post_title_1{font-size:1.6rem!important;font-weight:700!important}.layout_364 .usg_vwrapper_1{width:100%!important;max-width:600px!important;padding:3rem!important}.layout_364 .usg_post_custom_field_1{width:100%!important}}@media (max-width:600px){.layout_364 .usg_post_image_1{width:100%!important}.layout_364 .usg_post_title_1{font-size:1.3rem!important;font-weight:700!important}.layout_364 .usg_vwrapper_1{width:100%!important;padding:2rem!important}.layout_364 .usg_post_custom_field_1{width:100%!important}}<\/style><div class=\"w-grid-list\">\t<article class=\"w-grid-item size_1x1 post-779 post type-post status-publish format-standard has-post-thumbnail hentry category-crane-news\" data-id=\"779\">\r\n\t\t<div class=\"w-grid-item-h\">\r\n\t\t\t\t\t\t\t<a href=\"https:\/\/www.qkingcrane.com\/fr\/customized-solutions-for-rubber-tyred-gantry-cranes\/\" class=\"w-grid-item-anchor\" aria-label=\"Solutions personnalis\u00e9es pour portiques sur pneus\"><\/a>\r\n\t\t\t\t\t\t<div class=\"w-hwrapper usg_hwrapper_1 align_none valign_stretch wrap\" style=\"--hwrapper-gap:0rem\"><div class=\"w-post-elm post_image usg_post_image_1 has_width has_ratio\"><img loading=\"lazy\" decoding=\"async\" width=\"550\" height=\"370\" src=\"https:\/\/www.qkingcrane.com\/wp-content\/uploads\/R-C.jpg\" class=\"attachment-medium size-medium wp-post-image\" alt=\"\" \/><div style=\"padding-bottom:75%\"><\/div><\/div><div class=\"w-vwrapper usg_vwrapper_1 align_none valign_middle\"><h2 class=\"w-post-elm post_title usg_post_title_1 entry-title color_link_inherit\">Solutions personnalis\u00e9es pour portiques sur pneus<\/h2><div class=\"w-post-elm post_content usg_post_content_1\">La personnalisation globale des portiques sur pneus est un d\u00e9fi complexe et multidimensionnel, qui couvre la diversit\u00e9 des environnements d&#039;exploitation, les diff\u00e9rences de normes techniques, les besoins individuels des clients, la diversit\u00e9 des lois et r\u00e9glementations,\u2026<\/div><div class=\"w-text usg_text_1 icon_atleft\"><span class=\"w-text-h\"><i class=\"fad fa-align-right\"><\/i><span class=\"w-text-value\">En savoir plus \u2192<\/span><\/span><\/div><\/div><\/div>\t\t<\/div>\r\n\t\t\t<\/article>\r\n\t<article class=\"w-grid-item size_1x1 post-776 post type-post status-publish format-standard has-post-thumbnail hentry category-crane-news\" data-id=\"776\">\r\n\t\t<div class=\"w-grid-item-h\">\r\n\t\t\t\t\t\t\t<a href=\"https:\/\/www.qkingcrane.com\/fr\/10-ton-gantry-crane-foundation-design-for-track-plate-factory\/\" class=\"w-grid-item-anchor\" aria-label=\"Conception des fondations d&#039;un portique de 10 tonnes pour une usine de plaques de chenille\"><\/a>\r\n\t\t\t\t\t\t<div class=\"w-hwrapper usg_hwrapper_1 align_none valign_stretch wrap\" style=\"--hwrapper-gap:0rem\"><div class=\"w-post-elm post_image usg_post_image_1 has_width has_ratio\"><img loading=\"lazy\" decoding=\"async\" width=\"600\" height=\"506\" src=\"https:\/\/www.qkingcrane.com\/wp-content\/uploads\/10t-600x506.jpg\" class=\"attachment-medium size-medium wp-post-image\" alt=\"\" \/><div style=\"padding-bottom:75%\"><\/div><\/div><div class=\"w-vwrapper usg_vwrapper_1 align_none valign_middle\"><h2 class=\"w-post-elm post_title usg_post_title_1 entry-title color_link_inherit\">Conception des fondations d&#039;un portique de 10 tonnes pour une usine de plaques de chenille<\/h2><div class=\"w-post-elm post_content usg_post_content_1\">Pr\u00e9sentation de la conception Afin de r\u00e9pondre aux besoins de production de l&#039;usine de plaques de voie, une fondation de portique de 10 tonnes a \u00e9t\u00e9 sp\u00e9cialement con\u00e7ue pour cette usine. Le portique\u2026<\/div><div class=\"w-text usg_text_1 icon_atleft\"><span class=\"w-text-h\"><i class=\"fad fa-align-right\"><\/i><span class=\"w-text-value\">En savoir plus \u2192<\/span><\/span><\/div><\/div><\/div>\t\t<\/div>\r\n\t\t\t<\/article>\r\n\t<article class=\"w-grid-item size_1x1 post-768 post type-post status-publish format-standard has-post-thumbnail hentry category-crane-news\" data-id=\"768\">\r\n\t\t<div class=\"w-grid-item-h\">\r\n\t\t\t\t\t\t\t<a href=\"https:\/\/www.qkingcrane.com\/fr\/what-is-the-cost-of-an-overhead-crane-system\/\" class=\"w-grid-item-anchor\" aria-label=\"Quel est le co\u00fbt d&#039;un syst\u00e8me de pont roulant\"><\/a>\r\n\t\t\t\t\t\t<div class=\"w-hwrapper usg_hwrapper_1 align_none valign_stretch wrap\" style=\"--hwrapper-gap:0rem\"><div class=\"w-post-elm post_image usg_post_image_1 has_width has_ratio\"><img loading=\"lazy\" decoding=\"async\" width=\"600\" height=\"387\" src=\"https:\/\/www.qkingcrane.com\/wp-content\/uploads\/LD-Bridge-crane-parameter-diagram-600x387.jpg\" class=\"attachment-medium size-medium wp-post-image\" alt=\"\" \/><div style=\"padding-bottom:75%\"><\/div><\/div><div class=\"w-vwrapper usg_vwrapper_1 align_none valign_middle\"><h2 class=\"w-post-elm post_title usg_post_title_1 entry-title color_link_inherit\">Quel est le co\u00fbt d&#039;un syst\u00e8me de pont roulant<\/h2><div class=\"w-post-elm post_content usg_post_content_1\">Quels sont les facteurs qui influencent le prix d&#039;un pont roulant\u00a0? Pour choisir le type de pont roulant adapt\u00e9 \u00e0 votre entreprise, vous devez vous pr\u00e9parer \u00e0\u2026<\/div><div class=\"w-text usg_text_1 icon_atleft\"><span class=\"w-text-h\"><i class=\"fad fa-align-right\"><\/i><span class=\"w-text-value\">En savoir plus \u2192<\/span><\/span><\/div><\/div><\/div>\t\t<\/div>\r\n\t\t\t<\/article>\r\n\t<article class=\"w-grid-item size_1x1 post-765 post type-post status-publish format-standard has-post-thumbnail hentry category-crane-news\" data-id=\"765\">\r\n\t\t<div class=\"w-grid-item-h\">\r\n\t\t\t\t\t\t\t<a href=\"https:\/\/www.qkingcrane.com\/fr\/how-overhead-cranes-work\/\" class=\"w-grid-item-anchor\" aria-label=\"Comment fonctionnent les ponts roulants\"><\/a>\r\n\t\t\t\t\t\t<div class=\"w-hwrapper usg_hwrapper_1 align_none valign_stretch wrap\" style=\"--hwrapper-gap:0rem\"><div class=\"w-post-elm post_image usg_post_image_1 has_width has_ratio\"><img loading=\"lazy\" decoding=\"async\" width=\"600\" height=\"450\" src=\"https:\/\/www.qkingcrane.com\/wp-content\/uploads\/overhead-bridge-crane-min-600x450.jpg\" class=\"attachment-medium size-medium wp-post-image\" alt=\"\" \/><div style=\"padding-bottom:75%\"><\/div><\/div><div class=\"w-vwrapper usg_vwrapper_1 align_none valign_middle\"><h2 class=\"w-post-elm post_title usg_post_title_1 entry-title color_link_inherit\">Comment fonctionnent les ponts roulants<\/h2><div class=\"w-post-elm post_content usg_post_content_1\">Cet article offre un aper\u00e7u g\u00e9n\u00e9ral qui aidera les d\u00e9cideurs \u00e0 comprendre les d\u00e9tails op\u00e9rationnels des ponts roulants et \u00e0 prendre des d\u00e9cisions d&#039;achat \u00e9clair\u00e9es. Il met \u00e9galement en \u00e9vidence leurs composants\u2026<\/div><div class=\"w-text usg_text_1 icon_atleft\"><span class=\"w-text-h\"><i class=\"fad fa-align-right\"><\/i><span class=\"w-text-value\">En savoir plus \u2192<\/span><\/span><\/div><\/div><\/div>\t\t<\/div>\r\n\t\t\t<\/article>\r\n\t<article class=\"w-grid-item size_1x1 post-747 post type-post status-publish format-standard has-post-thumbnail hentry category-crane-news\" data-id=\"747\">\r\n\t\t<div class=\"w-grid-item-h\">\r\n\t\t\t\t\t\t\t<a href=\"https:\/\/www.qkingcrane.com\/fr\/what-are-the-types-of-port-cranes\/\" class=\"w-grid-item-anchor\" aria-label=\"Quels sont les types de grues portuaires ?\"><\/a>\r\n\t\t\t\t\t\t<div class=\"w-hwrapper usg_hwrapper_1 align_none valign_stretch wrap\" style=\"--hwrapper-gap:0rem\"><div class=\"w-post-elm post_image usg_post_image_1 has_width has_ratio\"><img loading=\"lazy\" decoding=\"async\" width=\"600\" height=\"411\" src=\"https:\/\/www.qkingcrane.com\/wp-content\/uploads\/container-gantry-crane.jpg-600x411.webp\" class=\"attachment-medium size-medium wp-post-image\" alt=\"\" \/><div style=\"padding-bottom:75%\"><\/div><\/div><div class=\"w-vwrapper usg_vwrapper_1 align_none valign_middle\"><h2 class=\"w-post-elm post_title usg_post_title_1 entry-title color_link_inherit\">Quels sont les types de grues portuaires ?<\/h2><div class=\"w-post-elm post_content usg_post_content_1\">Les grues portuaires sont des \u00e9quipements importants utilis\u00e9s pour le chargement et le d\u00e9chargement des marchandises. Selon leur structure et leur fonction, elles se r\u00e9partissent principalement en plusieurs types\u00a0: 1. Portique \u00e0 conteneurs\u2026<\/div><div class=\"w-text usg_text_1 icon_atleft\"><span class=\"w-text-h\"><i class=\"fad fa-align-right\"><\/i><span class=\"w-text-value\">En savoir plus \u2192<\/span><\/span><\/div><\/div><\/div>\t\t<\/div>\r\n\t\t\t<\/article>\r\n<\/div><div class=\"g-loadmore hidden\"><div class=\"g-preloader type_1\"><div><\/div><\/div><\/div><div class=\"w-grid-list-json hidden\" onclick='return {&quot;max_num_pages&quot;:1,&quot;paginationBase&quot;:&quot;page&quot;,&quot;pagination&quot;:&quot;numbered&quot;,&quot;paged&quot;:1,&quot;ajaxData&quot;:{&quot;action&quot;:&quot;us_ajax_post_list&quot;,&quot;meta_type&quot;:&quot;post&quot;,&quot;object_id&quot;:0,&quot;template_vars&quot;:{&quot;shortcode_base&quot;:&quot;us_post_list&quot;,&quot;paged&quot;:1,&quot;max_num_pages&quot;:1,&quot;no_results&quot;:false,&quot;us_post_content_design_css&quot;:[],&quot;found_posts&quot;:5,&quot;items_count&quot;:5,&quot;source&quot;:&quot;all&quot;,&quot;custom_field_name&quot;:&quot;&quot;,&quot;ids&quot;:&quot;&quot;,&quot;post_type&quot;:&quot;post&quot;,&quot;attachment_ids&quot;:null,&quot;include_post_thumbnail&quot;:0,&quot;post_author&quot;:&quot;any&quot;,&quot;post_author_ids&quot;:&quot;&quot;,&quot;apply_url_params&quot;:0,&quot;ignore_sticky_posts&quot;:1,&quot;exclude_children&quot;:0,&quot;exclude_current_post&quot;:&quot;0&quot;,&quot;exclude_prev_posts&quot;:0,&quot;exclude_past_events&quot;:0,&quot;enable_items_offset&quot;:0,&quot;items_offset&quot;:&quot;1&quot;,&quot;tax_query_relation&quot;:&quot;none&quot;,&quot;tax_query&quot;:[{&quot;operator&quot;:&quot;IN&quot;,&quot;taxonomy&quot;:&quot;category&quot;,&quot;terms&quot;:&quot;&quot;,&quot;include_children&quot;:0}],&quot;meta_query_relation&quot;:&quot;none&quot;,&quot;meta_query&quot;:[{&quot;key&quot;:&quot;custom_field_name&quot;,&quot;compare&quot;:&quot;=&quot;,&quot;value&quot;:&quot;&quot;}],&quot;orderby&quot;:&quot;date&quot;,&quot;orderby_custom_field&quot;:&quot;&quot;,&quot;orderby_custom_type&quot;:0,&quot;order_invert&quot;:&quot;1&quot;,&quot;show_all&quot;:0,&quot;quantity&quot;:&quot;12&quot;,&quot;posts_per_archive_page&quot;:0,&quot;no_items_action&quot;:&quot;message&quot;,&quot;no_items_message&quot;:&quot;Aucun r\\u00e9sultat.&quot;,&quot;no_items_page_block&quot;:&quot;&quot;,&quot;pagination&quot;:&quot;numbered&quot;,&quot;pagination_style&quot;:&quot;&quot;,&quot;pagination_btn_text&quot;:&quot;Charger plus&quot;,&quot;pagination_btn_size&quot;:&quot;&quot;,&quot;pagination_btn_style&quot;:&quot;1&quot;,&quot;pagination_btn_fullwidth&quot;:0,&quot;items_layout&quot;:&quot;364&quot;,&quot;type&quot;:&quot;grid&quot;,&quot;items_valign&quot;:0,&quot;ignore_items_size&quot;:0,&quot;columns&quot;:&quot;1&quot;,&quot;items_gap&quot;:&quot;1.5rem&quot;,&quot;load_animation&quot;:&quot;none&quot;,&quot;items_preload_style&quot;:&quot;spinner&quot;,&quot;img_size&quot;:&quot;default&quot;,&quot;title_size&quot;:&quot;&quot;,&quot;items_ratio&quot;:&quot;default&quot;,&quot;items_ratio_width&quot;:&quot;21&quot;,&quot;items_ratio_height&quot;:&quot;9&quot;,&quot;overriding_link&quot;:&quot;%7B%22type%22%3A%22post%22%7D&quot;,&quot;popup_page_template&quot;:&quot;0&quot;,&quot;popup_width&quot;:&quot;&quot;,&quot;popup_arrows&quot;:1,&quot;breakpoint_1_width&quot;:&quot;1381px&quot;,&quot;breakpoint_1_cols&quot;:&quot;default&quot;,&quot;breakpoint_1_quantity&quot;:&quot;&quot;,&quot;breakpoint_1_gap&quot;:&quot;&quot;,&quot;breakpoint_2_width&quot;:&quot;1025px&quot;,&quot;breakpoint_2_cols&quot;:&quot;2&quot;,&quot;breakpoint_2_quantity&quot;:&quot;&quot;,&quot;breakpoint_2_gap&quot;:&quot;&quot;,&quot;breakpoint_3_width&quot;:&quot;601px&quot;,&quot;breakpoint_3_cols&quot;:&quot;1&quot;,&quot;breakpoint_3_quantity&quot;:&quot;&quot;,&quot;breakpoint_3_gap&quot;:&quot;&quot;,&quot;conditions_operator&quot;:&quot;always&quot;,&quot;conditions&quot;:[],&quot;css&quot;:null,&quot;el_class&quot;:&quot;&quot;,&quot;el_id&quot;:&quot;&quot;,&quot;enable_custom_html_atts&quot;:0,&quot;custom_html_atts&quot;:null,&quot;hide_on_states&quot;:&quot;&quot;,&quot;hide_for_sticky&quot;:0,&quot;hide_for_not_sticky&quot;:0,&quot;hide_below&quot;:&quot;0px&quot;,&quot;hide_above&quot;:&quot;0px&quot;,&quot;classes&quot;:&quot;&quot;}},&quot;facetedFilter&quot;:[]}'><\/div><\/div><\/div><\/div><\/div><\/div><\/section>","protected":false},"excerpt":{"rendered":"","protected":false},"author":1,"featured_media":0,"parent":0,"menu_order":0,"comment_status":"closed","ping_status":"closed","template":"","meta":{"_acf_changed":false,"footnotes":""},"class_list":["post-172","page","type-page","status-publish","hentry"],"acf":[],"_links":{"self":[{"href":"https:\/\/www.qkingcrane.com\/fr\/wp-json\/wp\/v2\/pages\/172","targetHints":{"allow":["GET"]}}],"collection":[{"href":"https:\/\/www.qkingcrane.com\/fr\/wp-json\/wp\/v2\/pages"}],"about":[{"href":"https:\/\/www.qkingcrane.com\/fr\/wp-json\/wp\/v2\/types\/page"}],"author":[{"embeddable":true,"href":"https:\/\/www.qkingcrane.com\/fr\/wp-json\/wp\/v2\/users\/1"}],"replies":[{"embeddable":true,"href":"https:\/\/www.qkingcrane.com\/fr\/wp-json\/wp\/v2\/comments?post=172"}],"version-history":[{"count":1,"href":"https:\/\/www.qkingcrane.com\/fr\/wp-json\/wp\/v2\/pages\/172\/revisions"}],"predecessor-version":[{"id":816,"href":"https:\/\/www.qkingcrane.com\/fr\/wp-json\/wp\/v2\/pages\/172\/revisions\/816"}],"wp:attachment":[{"href":"https:\/\/www.qkingcrane.com\/fr\/wp-json\/wp\/v2\/media?parent=172"}],"curies":[{"name":"wp","href":"https:\/\/api.w.org\/{rel}","templated":true}]}}