{"id":597,"date":"2025-03-12T19:18:19","date_gmt":"2025-03-12T11:18:19","guid":{"rendered":"https:\/\/www.qkingcrane.com\/?page_id=597"},"modified":"2025-03-14T12:19:34","modified_gmt":"2025-03-14T04:19:34","slug":"factory","status":"publish","type":"page","link":"https:\/\/www.qkingcrane.com\/fr\/factory\/","title":{"rendered":"Usine"},"content":{"rendered":"<section class=\"l-section wpb_row us_custom_eb849559 height_huge width_custom color_alternate with_img\" style=\"--site-content-width:870px;\"><div class=\"l-section-img\" role=\"img\" aria-label=\"Image\" data-img-width=\"1920\" data-img-height=\"692\" style=\"background-image: url(https:\/\/www.qkingcrane.com\/wp-content\/uploads\/company-1.jpg);\"><\/div><div class=\"l-section-h i-cf\"><div class=\"g-cols vc_row via_grid cols_1 laptops-cols_inherit tablets-cols_inherit mobiles-cols_1 valign_middle type_default stacking_default\"><div class=\"wpb_column vc_column_container us_custom_72668127\"><div class=\"vc_column-inner\"><h1 class=\"w-post-elm post_title entry-title color_link_inherit\">Usine<\/h1><\/div><\/div><\/div><\/div><\/section><section class=\"l-section wpb_row height_huge\"><div class=\"l-section-h i-cf\"><div class=\"g-cols vc_row via_grid cols_2-3 laptops-cols_inherit tablets-cols_inherit mobiles-cols_1 valign_top type_default stacking_default\" style=\"--columns-gap:4rem;\"><div class=\"wpb_column vc_column_container us_custom_cdcc06a5\"><div class=\"vc_column-inner\"><h4 class=\"w-text\"><span class=\"w-text-h\"><span class=\"w-text-value\">Groupe QKing<\/span><\/span><\/h4><h2 class=\"w-text us_custom_de9f7abd has_text_color background_inside_text\"><span class=\"w-text-h\"><span class=\"w-text-value\">Depuis 1997<\/span><\/span><\/h2><\/div><\/div><div class=\"wpb_column vc_column_container\"><div class=\"vc_column-inner\"><h3 class=\"w-text\"><span class=\"w-text-h\"><span class=\"w-text-value\">QKing Crane Un guichet unique pour tous vos besoins de manutention<\/span><\/span><\/h3><div class=\"wpb_text_column\"><div class=\"wpb_wrapper\"><p>Notre mission est de faciliter la r\u00e9alisation de vos projets. C&#039;est pourquoi nous proposons une vari\u00e9t\u00e9 de produits et services \u00e0 nos clients, afin que vous puissiez toujours trouver ce que vous cherchez. Des grues aux pi\u00e8ces d\u00e9tach\u00e9es et au service apr\u00e8s-vente, nous avons tout ce dont vous avez besoin pour votre prochain grand projet.<\/p>\n<\/div><\/div><\/div><\/div><\/div><\/div><\/section><section class=\"l-section wpb_row height_auto width_full\"><div class=\"l-section-h i-cf\"><div class=\"g-cols vc_row via_grid cols_1 laptops-cols_inherit tablets-cols_inherit mobiles-cols_1 valign_top type_default stacking_default\"><div class=\"wpb_column vc_column_container\"><div class=\"vc_column-inner\"><section class=\"l-section wpb_row us_custom_f861231e height_medium color_alternate\"><div class=\"l-section-h i-cf\"><div class=\"g-cols vc_row via_grid cols_6 laptops-cols_inherit tablets-cols_3 mobiles-cols_2 valign_top type_default stacking_default\"><div class=\"wpb_column vc_column_container\"><div class=\"vc_column-inner\"><div class=\"w-iconbox iconpos_top style_default color_primary align_center\"><div class=\"w-iconbox-icon\" style=\"font-size:2rem;\"><i class=\"fad fa-handshake\"><\/i><\/div><div class=\"w-iconbox-meta\"><h4 class=\"w-iconbox-title\">3300+<\/h4><div class=\"w-iconbox-text\"><p>Le choix des clients<\/p>\n<\/div><\/div><\/div><\/div><\/div><div class=\"wpb_column vc_column_container\"><div class=\"vc_column-inner\"><div class=\"w-iconbox iconpos_top style_default color_primary align_center\"><div class=\"w-iconbox-icon\" style=\"font-size:2rem;\"><i class=\"fad fa-globe-americas\"><\/i><\/div><div class=\"w-iconbox-meta\"><h4 class=\"w-iconbox-title\">100 +<\/h4><div class=\"w-iconbox-text\"><p><span>Exporter vers plus de 100 pays<\/span><\/p>\n<\/div><\/div><\/div><\/div><\/div><div class=\"wpb_column vc_column_container\"><div class=\"vc_column-inner\"><div class=\"w-iconbox iconpos_top style_default color_primary align_center\"><div class=\"w-iconbox-icon\" style=\"font-size:2rem;\"><i class=\"fad fa-industry-alt\"><\/i><\/div><div class=\"w-iconbox-meta\"><h4 class=\"w-iconbox-title\">3 000 000 m<sup>2<\/sup><\/h4><div class=\"w-iconbox-text\"><p><span>Base de production<\/span><\/p>\n<\/div><\/div><\/div><\/div><\/div><div class=\"wpb_column vc_column_container\"><div class=\"vc_column-inner\"><div class=\"w-iconbox iconpos_top style_default color_primary align_center\"><div class=\"w-iconbox-icon\" style=\"font-size:2rem;\"><i class=\"fad fa-user\"><\/i><\/div><div class=\"w-iconbox-meta\"><h4 class=\"w-iconbox-title\">1,000 +<\/h4><div class=\"w-iconbox-text\"><p>Ing\u00e9nieurs R&amp;D<\/p>\n<\/div><\/div><\/div><\/div><\/div><div class=\"wpb_column vc_column_container\"><div class=\"vc_column-inner\"><div class=\"w-iconbox iconpos_top style_default color_primary align_center\"><div class=\"w-iconbox-icon\" style=\"font-size:2rem;\"><i class=\"fad fa-award\"><\/i><\/div><div class=\"w-iconbox-meta\"><h4 class=\"w-iconbox-title\">500+<\/h4><div class=\"w-iconbox-text\"><p>A remport\u00e9 plus de 500 distinctions<\/p>\n<\/div><\/div><\/div><\/div><\/div><div class=\"wpb_column vc_column_container\"><div class=\"vc_column-inner\"><div class=\"w-iconbox iconpos_top style_default color_primary align_center\"><div class=\"w-iconbox-icon\" style=\"font-size:2rem;\"><i class=\"fad fa-money-check-edit\"><\/i><\/div><div class=\"w-iconbox-meta\"><h4 class=\"w-iconbox-title\">Depuis 1997<\/h4><div class=\"w-iconbox-text\"><p>Cr\u00e9ation de l&#039;entreprise<\/p>\n<\/div><\/div><\/div><\/div><\/div><\/div><\/div><\/section>\n<\/div><\/div><\/div><\/div><\/section><section class=\"l-section wpb_row height_huge\"><div class=\"l-section-h i-cf\"><div class=\"g-cols vc_row via_grid cols_2-3 laptops-cols_inherit tablets-cols_inherit mobiles-cols_1 valign_middle type_default stacking_default\" style=\"--columns-gap:4rem;--laptops-columns-gap:4rem;--tablets-columns-gap:4rem;--mobiles-columns-gap:2rem;\"><div class=\"wpb_column vc_column_container\"><div class=\"vc_column-inner\"><div class=\"w-image align_none\"><div class=\"w-image-h\"><img decoding=\"async\" width=\"720\" height=\"480\" src=\"https:\/\/www.qkingcrane.com\/wp-content\/uploads\/about.jpg\" class=\"attachment-large size-large\" alt=\"\" loading=\"lazy\" srcset=\"https:\/\/www.qkingcrane.com\/wp-content\/uploads\/about.jpg 720w, https:\/\/www.qkingcrane.com\/wp-content\/uploads\/about-600x400.jpg 600w, https:\/\/www.qkingcrane.com\/wp-content\/uploads\/about-300x200.jpg 300w\" sizes=\"auto, (max-width: 720px) 100vw, 720px\" \/><\/div><\/div><\/div><\/div><div class=\"wpb_column vc_column_container\"><div class=\"vc_column-inner\"><div class=\"wpb_text_column\"><div class=\"wpb_wrapper\"><p>Fran\u00e7ais Les produits d\u00e9velopp\u00e9s par QKing sont largement utilis\u00e9s dans les machines, la m\u00e9tallurgie, l&#039;exploitation mini\u00e8re, l&#039;\u00e9nergie \u00e9lectrique, les chemins de fer, les ports, le p\u00e9trole, l&#039;industrie chimique, etc. Nous avons obtenu de bons r\u00e9sultats dans les projets nationaux cl\u00e9s tels que le transport de gaz d&#039;ouest en est, le projet de transfert d&#039;eau du sud au nord, le projet olympique, le projet de pont transfrontalier de la baie de Hangzhou, etc., qui fournissent un support d&#039;\u00e9quipement de levage fiable pour le bon d\u00e9roulement de ces projets majeurs, et avons \u00e9galement coop\u00e9r\u00e9 avec des milliers d&#039;entreprises \u00e0 grande \u00e9chelle telles que Coal of China, China Shenhua Energy, SINOPEC, CNPC, Shanghai Baosteel et des milliers d&#039;autres entreprises \u00e0 grande \u00e9chelle pour \u00e9tablir une relation de coop\u00e9ration stable et \u00e0 long terme.<\/p>\n<p>QKing Crane Group poss\u00e8de 33 plateformes de R&amp;D nationales et provinciales, une \u00e9quipe de recherche de plus de 1 200 personnes, des acad\u00e9miciens de l&#039;Acad\u00e9mie chinoise d&#039;ing\u00e9nierie, a entrepris 7 grands projets sp\u00e9ciaux nationaux et poss\u00e8de plus de 1 500 brevets autoris\u00e9s. La technologie de contr\u00f4le anti-balancement \u00e9lectrique auto-d\u00e9velopp\u00e9e est en position de leader international, 658 m\u00e8tres de levage ultra-haut ont cr\u00e9\u00e9 la plus grande hauteur de levage du monde du record du monde, le syst\u00e8me de contr\u00f4le intelligent AICRANE pour cr\u00e9er de v\u00e9ritables robots de levage, les nouvelles grues chinoises red\u00e9finissent le concept de levage et favorisent la mise \u00e0 jour it\u00e9rative continue de la technologie de levage de la Chine.<\/p>\n<\/div><\/div><\/div><\/div><\/div><\/div><\/section><section class=\"l-section wpb_row us_custom_379c0257 height_huge\"><div class=\"l-section-h i-cf\"><div class=\"g-cols vc_row via_grid cols_1 laptops-cols_inherit tablets-cols_inherit mobiles-cols_1 valign_top type_default stacking_default\"><div class=\"wpb_column vc_column_container\"><div class=\"vc_column-inner\"><div class=\"w-gallery fit_cover type_grid action_popup_image ratio_3x2 count_4\" style=\"--columns:4;--items-gap:10px;\"><div class=\"w-gallery-list\"><div class=\"w-gallery-item\"><div class=\"w-gallery-item-img\"><img loading=\"lazy\" decoding=\"async\" width=\"300\" height=\"169\" src=\"https:\/\/www.qkingcrane.com\/wp-content\/uploads\/c1-1-300x169.jpg\" class=\"attachment-thumbnail size-thumbnail\" alt=\"\" srcset=\"https:\/\/www.qkingcrane.com\/wp-content\/uploads\/c1-1-300x169.jpg 300w, https:\/\/www.qkingcrane.com\/wp-content\/uploads\/c1-1-600x338.jpg 600w, https:\/\/www.qkingcrane.com\/wp-content\/uploads\/c1-1.jpg 710w\" sizes=\"auto, (max-width: 300px) 100vw, 300px\" \/><\/div><a class=\"w-gallery-item-link\" aria-label=\"c1\" href=\"https:\/\/www.qkingcrane.com\/wp-content\/uploads\/c1-1.jpg\"><\/a><\/div><div class=\"w-gallery-item\"><div class=\"w-gallery-item-img\"><img loading=\"lazy\" decoding=\"async\" width=\"300\" height=\"169\" src=\"https:\/\/www.qkingcrane.com\/wp-content\/uploads\/c2-300x169.jpg\" class=\"attachment-thumbnail size-thumbnail\" alt=\"\" srcset=\"https:\/\/www.qkingcrane.com\/wp-content\/uploads\/c2-300x169.jpg 300w, https:\/\/www.qkingcrane.com\/wp-content\/uploads\/c2-600x338.jpg 600w, https:\/\/www.qkingcrane.com\/wp-content\/uploads\/c2.jpg 710w\" sizes=\"auto, (max-width: 300px) 100vw, 300px\" \/><\/div><a class=\"w-gallery-item-link\" aria-label=\"c2\" href=\"https:\/\/www.qkingcrane.com\/wp-content\/uploads\/c2.jpg\"><\/a><\/div><div class=\"w-gallery-item\"><div class=\"w-gallery-item-img\"><img loading=\"lazy\" decoding=\"async\" width=\"300\" height=\"169\" src=\"https:\/\/www.qkingcrane.com\/wp-content\/uploads\/c3-300x169.jpg\" class=\"attachment-thumbnail size-thumbnail\" alt=\"\" srcset=\"https:\/\/www.qkingcrane.com\/wp-content\/uploads\/c3-300x169.jpg 300w, https:\/\/www.qkingcrane.com\/wp-content\/uploads\/c3-600x338.jpg 600w, https:\/\/www.qkingcrane.com\/wp-content\/uploads\/c3.jpg 710w\" sizes=\"auto, (max-width: 300px) 100vw, 300px\" \/><\/div><a class=\"w-gallery-item-link\" aria-label=\"c3\" href=\"https:\/\/www.qkingcrane.com\/wp-content\/uploads\/c3.jpg\"><\/a><\/div><div class=\"w-gallery-item\"><div class=\"w-gallery-item-img\"><img loading=\"lazy\" decoding=\"async\" width=\"300\" height=\"177\" src=\"https:\/\/www.qkingcrane.com\/wp-content\/uploads\/ea688f756f6d7ea7-300x177.jpg\" class=\"attachment-thumbnail size-thumbnail\" alt=\"\" srcset=\"https:\/\/www.qkingcrane.com\/wp-content\/uploads\/ea688f756f6d7ea7-300x177.jpg 300w, https:\/\/www.qkingcrane.com\/wp-content\/uploads\/ea688f756f6d7ea7-600x353.jpg 600w, https:\/\/www.qkingcrane.com\/wp-content\/uploads\/ea688f756f6d7ea7.jpg 900w\" sizes=\"auto, (max-width: 300px) 100vw, 300px\" \/><\/div><a class=\"w-gallery-item-link\" aria-label=\"ea688f756f6d7ea7\" href=\"https:\/\/www.qkingcrane.com\/wp-content\/uploads\/ea688f756f6d7ea7.jpg\"><\/a><\/div><\/div><\/div><\/div><\/div><\/div><\/div><\/section><section class=\"l-section wpb_row height_huge\"><div class=\"l-section-h i-cf\"><div class=\"g-cols vc_row via_grid cols_1 laptops-cols_inherit tablets-cols_inherit mobiles-cols_1 valign_top type_default stacking_default\"><div class=\"wpb_column vc_column_container\"><div class=\"vc_column-inner\"><div class=\"w-grid us_grid type_grid layout_gallery_default cols_6 preload_style_spinner\" id=\"us_grid_1\" style=\"--columns:6;--gap:1rem;\" data-filterable=\"true\"><style>@media (max-width:1380px){#us_grid_1{--columns:3!important}}@media (max-width:1024px){#us_grid_1{--columns:2!important}}@media (max-width:600px){#us_grid_1{--columns:2!important}}.layout_gallery_default .w-grid-item-h{}<\/style><div class=\"w-grid-list\">\t<article class=\"w-grid-item size_1x1 post-640 attachment type-attachment status-inherit hentry\" data-id=\"640\">\r\n\t\t<div class=\"w-grid-item-h\">\r\n\t\t\t\t\t\t<div class=\"w-post-elm post_image usg_post_image_1 stretched\"><img loading=\"lazy\" decoding=\"async\" width=\"225\" height=\"317\" src=\"https:\/\/www.qkingcrane.com\/wp-content\/uploads\/zs_6.jpg\" class=\"attachment-large size-large\" alt=\"\" srcset=\"https:\/\/www.qkingcrane.com\/wp-content\/uploads\/zs_6.jpg 225w, https:\/\/www.qkingcrane.com\/wp-content\/uploads\/zs_6-213x300.jpg 213w\" sizes=\"auto, (max-width: 225px) 100vw, 225px\" \/><\/div>\t\t<\/div>\r\n\t\t\t<\/article>\r\n\t<article class=\"w-grid-item size_1x1 post-638 attachment type-attachment status-inherit hentry\" data-id=\"638\">\r\n\t\t<div class=\"w-grid-item-h\">\r\n\t\t\t\t\t\t<div class=\"w-post-elm post_image usg_post_image_1 stretched\"><img loading=\"lazy\" decoding=\"async\" width=\"225\" height=\"317\" src=\"https:\/\/www.qkingcrane.com\/wp-content\/uploads\/zs_4.jpg\" class=\"attachment-large size-large\" alt=\"\" srcset=\"https:\/\/www.qkingcrane.com\/wp-content\/uploads\/zs_4.jpg 225w, https:\/\/www.qkingcrane.com\/wp-content\/uploads\/zs_4-213x300.jpg 213w\" sizes=\"auto, (max-width: 225px) 100vw, 225px\" \/><\/div>\t\t<\/div>\r\n\t\t\t<\/article>\r\n\t<article class=\"w-grid-item size_1x1 post-639 attachment type-attachment status-inherit hentry\" data-id=\"639\">\r\n\t\t<div class=\"w-grid-item-h\">\r\n\t\t\t\t\t\t<div class=\"w-post-elm post_image usg_post_image_1 stretched\"><img loading=\"lazy\" decoding=\"async\" width=\"225\" height=\"317\" src=\"https:\/\/www.qkingcrane.com\/wp-content\/uploads\/zs_5.jpg\" class=\"attachment-large size-large\" alt=\"\" srcset=\"https:\/\/www.qkingcrane.com\/wp-content\/uploads\/zs_5.jpg 225w, https:\/\/www.qkingcrane.com\/wp-content\/uploads\/zs_5-213x300.jpg 213w\" sizes=\"auto, (max-width: 225px) 100vw, 225px\" \/><\/div>\t\t<\/div>\r\n\t\t\t<\/article>\r\n\t<article class=\"w-grid-item size_1x1 post-636 attachment type-attachment status-inherit hentry\" data-id=\"636\">\r\n\t\t<div class=\"w-grid-item-h\">\r\n\t\t\t\t\t\t<div class=\"w-post-elm post_image usg_post_image_1 stretched\"><img loading=\"lazy\" decoding=\"async\" width=\"225\" height=\"317\" src=\"https:\/\/www.qkingcrane.com\/wp-content\/uploads\/zs_2.jpg\" class=\"attachment-large size-large\" alt=\"\" srcset=\"https:\/\/www.qkingcrane.com\/wp-content\/uploads\/zs_2.jpg 225w, https:\/\/www.qkingcrane.com\/wp-content\/uploads\/zs_2-213x300.jpg 213w\" sizes=\"auto, (max-width: 225px) 100vw, 225px\" \/><\/div>\t\t<\/div>\r\n\t\t\t<\/article>\r\n\t<article class=\"w-grid-item size_1x1 post-637 attachment type-attachment status-inherit hentry\" data-id=\"637\">\r\n\t\t<div class=\"w-grid-item-h\">\r\n\t\t\t\t\t\t<div class=\"w-post-elm post_image usg_post_image_1 stretched\"><img loading=\"lazy\" decoding=\"async\" width=\"225\" height=\"317\" src=\"https:\/\/www.qkingcrane.com\/wp-content\/uploads\/zs_3.jpg\" class=\"attachment-large size-large\" alt=\"\" srcset=\"https:\/\/www.qkingcrane.com\/wp-content\/uploads\/zs_3.jpg 225w, https:\/\/www.qkingcrane.com\/wp-content\/uploads\/zs_3-213x300.jpg 213w\" sizes=\"auto, (max-width: 225px) 100vw, 225px\" \/><\/div>\t\t<\/div>\r\n\t\t\t<\/article>\r\n\t<article class=\"w-grid-item size_1x1 post-635 attachment type-attachment status-inherit hentry\" data-id=\"635\">\r\n\t\t<div class=\"w-grid-item-h\">\r\n\t\t\t\t\t\t<div class=\"w-post-elm post_image usg_post_image_1 stretched\"><img loading=\"lazy\" decoding=\"async\" width=\"225\" height=\"317\" src=\"https:\/\/www.qkingcrane.com\/wp-content\/uploads\/zs_1.jpg\" class=\"attachment-large size-large\" alt=\"\" srcset=\"https:\/\/www.qkingcrane.com\/wp-content\/uploads\/zs_1.jpg 225w, https:\/\/www.qkingcrane.com\/wp-content\/uploads\/zs_1-213x300.jpg 213w\" sizes=\"auto, (max-width: 225px) 100vw, 225px\" \/><\/div>\t\t<\/div>\r\n\t\t\t<\/article>\r\n<\/div>\t<div class=\"w-grid-preloader\">\r\n\t\t<div class=\"g-preloader type_1\">\r\n\t\t\t<div><\/div>\r\n\t\t<\/div>\r\n\t<\/div>\r\n\t\t<div class=\"w-grid-json hidden\" onclick='return {&quot;action&quot;:&quot;us_ajax_grid&quot;,&quot;infinite_scroll&quot;:0,&quot;max_num_pages&quot;:1,&quot;pagination&quot;:&quot;none&quot;,&quot;template_vars&quot;:{&quot;columns&quot;:&quot;6&quot;,&quot;exclude_items&quot;:&quot;none&quot;,&quot;img_size&quot;:&quot;default&quot;,&quot;ignore_items_size&quot;:0,&quot;items_layout&quot;:&quot;gallery_default&quot;,&quot;items_offset&quot;:&quot;1&quot;,&quot;load_animation&quot;:&quot;none&quot;,&quot;overriding_link&quot;:&quot;{\\&quot;url\\&quot;:\\&quot;\\&quot;}&quot;,&quot;post_id&quot;:0,&quot;query_args&quot;:{&quot;post_type&quot;:[&quot;attachment&quot;],&quot;post__in&quot;:[&quot;640&quot;,&quot;639&quot;,&quot;638&quot;,&quot;637&quot;,&quot;636&quot;,&quot;635&quot;],&quot;post_status&quot;:&quot;inherit&quot;,&quot;post_mime_type&quot;:&quot;image&quot;,&quot;posts_per_page&quot;:&quot;10&quot;},&quot;orderby_query_args&quot;:{&quot;orderby&quot;:{&quot;date&quot;:&quot;DESC&quot;}},&quot;type&quot;:&quot;grid&quot;,&quot;us_grid_post_type&quot;:&quot;attachment&quot;,&quot;us_grid_ajax_index&quot;:1,&quot;us_grid_filter_query_string&quot;:null,&quot;us_grid_index&quot;:1,&quot;page_args&quot;:[]}}'><\/div>\r\n\t<\/div><\/div><\/div><\/div><\/div><\/section><section class=\"l-section wpb_row height_auto width_full color_alternate\"><div class=\"l-section-h i-cf\"><div class=\"g-cols vc_row via_grid cols_3 laptops-cols_inherit tablets-cols_inherit mobiles-cols_1 valign_middle type_boxes stacking_default\" style=\"--columns-gap:0rem;\"><div class=\"wpb_column vc_column_container us_custom_d539cc15 has_bg_color\"><div class=\"vc_column-overlay\" style=\"background:rgba(58,174,163,0.38)\"><\/div><div class=\"vc_column-inner\"><div class=\"w-iconbox iconpos_top style_default color_primary align_center\"><div class=\"w-iconbox-icon\" style=\"font-size:3rem;\"><i class=\"fad fa-universal-access\"><\/i><\/div><div class=\"w-iconbox-meta\"><h3 class=\"w-iconbox-title\">Mission<\/h3><div class=\"w-iconbox-text\"><p>Nous nous concentrons sur les besoins essentiels de nos clients, en leur fournissant des solutions holistiques comp\u00e9titives et en cr\u00e9ant continuellement une valeur maximale pour eux.<\/p>\n<\/div><\/div><\/div><\/div><\/div><div class=\"wpb_column vc_column_container us_custom_c91e5400 has_bg_color\"><div class=\"vc_column-overlay\" style=\"background:rgba(0,0,0,0.65)\"><\/div><div class=\"vc_column-inner\"><div class=\"w-iconbox iconpos_top style_default color_primary align_center\"><div class=\"w-iconbox-icon\" style=\"font-size:3rem;\"><i class=\"fad fa-scarf\"><\/i><\/div><div class=\"w-iconbox-meta\"><h3 class=\"w-iconbox-title\">Vision<\/h3><div class=\"w-iconbox-text\"><p>Notre objectif est de devenir un leader de l\u2019industrie et une entit\u00e9 de confiance dans la soci\u00e9t\u00e9 gr\u00e2ce \u00e0 l\u2019innovation et au service.<\/p>\n<\/div><\/div><\/div><\/div><\/div><div class=\"wpb_column vc_column_container us_custom_ed76fc3f has_bg_color\"><div class=\"vc_column-overlay\" style=\"background:rgba(27,84,130,0.63)\"><\/div><div class=\"vc_column-inner\"><div class=\"w-iconbox iconpos_top style_default color_primary align_center\"><div class=\"w-iconbox-icon\" style=\"font-size:3rem;\"><i class=\"fad fa-theater-masks\"><\/i><\/div><div class=\"w-iconbox-meta\"><h3 class=\"w-iconbox-title\">Valeurs<\/h3><div class=\"w-iconbox-text\"><p>Centr\u00e9s sur nos clients, guid\u00e9s par des objectifs, nous pr\u00f4nons le travail d\u2019\u00e9quipe et des pratiques de gestion innovantes.<\/p>\n<\/div><\/div><\/div><\/div><\/div><\/div><\/div><\/section>","protected":false},"excerpt":{"rendered":"","protected":false},"author":1,"featured_media":0,"parent":0,"menu_order":0,"comment_status":"closed","ping_status":"closed","template":"","meta":{"_acf_changed":false,"footnotes":""},"class_list":["post-597","page","type-page","status-publish","hentry"],"acf":[],"_links":{"self":[{"href":"https:\/\/www.qkingcrane.com\/fr\/wp-json\/wp\/v2\/pages\/597","targetHints":{"allow":["GET"]}}],"collection":[{"href":"https:\/\/www.qkingcrane.com\/fr\/wp-json\/wp\/v2\/pages"}],"about":[{"href":"https:\/\/www.qkingcrane.com\/fr\/wp-json\/wp\/v2\/types\/page"}],"author":[{"embeddable":true,"href":"https:\/\/www.qkingcrane.com\/fr\/wp-json\/wp\/v2\/users\/1"}],"replies":[{"embeddable":true,"href":"https:\/\/www.qkingcrane.com\/fr\/wp-json\/wp\/v2\/comments?post=597"}],"version-history":[{"count":0,"href":"https:\/\/www.qkingcrane.com\/fr\/wp-json\/wp\/v2\/pages\/597\/revisions"}],"wp:attachment":[{"href":"https:\/\/www.qkingcrane.com\/fr\/wp-json\/wp\/v2\/media?parent=597"}],"curies":[{"name":"wp","href":"https:\/\/api.w.org\/{rel}","templated":true}]}}