{"id":175,"date":"2025-03-11T10:17:33","date_gmt":"2025-03-11T02:17:33","guid":{"rendered":"https:\/\/www.qkingcrane.com\/?page_id=175"},"modified":"2026-01-13T11:28:15","modified_gmt":"2026-01-13T03:28:15","slug":"contact","status":"publish","type":"page","link":"https:\/\/www.qkingcrane.com\/pt\/contact\/","title":{"rendered":"Contato"},"content":{"rendered":"<section class=\"l-section wpb_row height_huge\"><div class=\"l-section-h i-cf\"><div class=\"g-cols vc_row via_grid cols_1-2 laptops-cols_inherit tablets-cols_inherit mobiles-cols_1 valign_top type_default stacking_default\"><div class=\"wpb_column vc_column_container us_custom_c83f1829 has_text_color has_bg_color\"><div class=\"vc_column-inner\"><div class=\"wpb_text_column\"><div class=\"wpb_wrapper\"><h4><strong>QUALQUER D\u00daVIDA OU DEMANDA, ENTRE EM CONTATO CONOSCO AGORA MESMO!<\/strong><\/h4>\n<p>Por favor, especifique sua necessidade referindo-se aos seguintes aspectos:<\/p>\n<ul>\n<li>De qual produto de guindaste voc\u00ea precisa?<\/li>\n<li>Qual \u00e9 a capacidade m\u00e1xima de eleva\u00e7\u00e3o (em toneladas) necess\u00e1ria para o seu projeto?<\/li>\n<li>Voc\u00ea poderia especificar a altura de eleva\u00e7\u00e3o (em metros) necess\u00e1ria?<\/li>\n<li>Voc\u00ea pode fornecer detalhes sobre o ambiente de trabalho, como condi\u00e7\u00f5es do solo, limita\u00e7\u00f5es de espa\u00e7o e quaisquer obst\u00e1culos?<\/li>\n<li>Qual \u00e9 a frequ\u00eancia de uso esperada e a dura\u00e7\u00e3o do projeto?<\/li>\n<\/ul>\n<\/div><\/div><\/div><\/div><div class=\"wpb_column vc_column_container\" id=\"message\"><div class=\"vc_column-inner\"><div class=\"w-iconbox iconpos_top style_default color_primary align_none no_text\"><div class=\"w-iconbox-icon\" style=\"font-size:4rem;\"><i class=\"fad fa-comment-dots\"><\/i><\/div><div class=\"w-iconbox-meta\"><h1 class=\"w-iconbox-title\">Entre em contato<\/h1><\/div><\/div><div class=\"w-separator size_small\"><\/div><form class=\"w-form  us-field-style_1 layout_ver show_message_after_sending for_cform us_form_1\" action=\"\/pt\/wp-json\/wp\/v2\/pages\/175\" method=\"post\" data-trp-original-action=\"https:\/\/www.qkingcrane.com\/pt\/pt\/wp-json\/wp\/v2\/pages\/175\"><div class=\"w-form-h\"><div class=\"w-form-row for_text required\">\r\n\t\t<div class=\"w-form-row-field\">\r\n\t\t\t\t\t\t<input aria-label=\"Seu nome\" type=\"text\" name=\"us_form_1_text_1\" value placeholder=\"Seu nome *\" data-required=\"true\" aria-required=\"true\"\/>\r\n\t\t\t<\/div>\r\n\t\t<div class=\"w-form-row-state\">Fill out this field<\/div>\r\n<\/div>\r\n<div class=\"w-form-row for_email required\">\r\n\t\t<div class=\"w-form-row-field\">\r\n\t\t\t\t\t\t<input aria-label=\"Seu e-mail\" type=\"email\" name=\"us_form_1_email_1\" value placeholder=\"Seu e-mail *\" data-required=\"true\" aria-required=\"true\"\/>\r\n\t\t\t<\/div>\r\n\t\t<div class=\"w-form-row-state\">Por favor insira um endere\u00e7o de email v\u00e1lido.<\/div>\r\n<\/div>\r\n<div class=\"w-form-row for_text cols_2\">\r\n\t\t<div class=\"w-form-row-field\">\r\n\t\t\t\t\t\t<input aria-label=\"N\u00famero de telefone ou Whatsapp\" type=\"text\" name=\"us_form_1_text_2\" value placeholder=\"N\u00famero de telefone ou Whatsapp\"\/>\r\n\t\t\t<\/div>\r\n\t\t<div class=\"w-form-row-state\">Fill out this field<\/div>\r\n<\/div>\r\n<div class=\"w-form-row for_text cols_2\">\r\n\t\t<div class=\"w-form-row-field\">\r\n\t\t\t\t\t\t<input aria-label=\"Seu pa\u00eds\" type=\"text\" name=\"us_form_1_text_3\" value placeholder=\"Seu pa\u00eds\"\/>\r\n\t\t\t<\/div>\r\n\t\t<div class=\"w-form-row-state\">Fill out this field<\/div>\r\n<\/div>\r\n<div class=\"w-form-row for_textarea\">\r\n\t\t<div class=\"w-form-row-field\">\r\n\t\t\t\t\t\t<textarea aria-label=\"Perguntas ou Demandas\" name=\"us_form_1_textarea_1\" placeholder=\"Perguntas ou Demandas\"><\/textarea>\r\n\t\t\t<\/div>\r\n\t\t<div class=\"w-form-row-state\">Fill out this field<\/div>\r\n<\/div>\r\n<input type=\"hidden\" name=\"action\" value=\"us_ajax_cform\" \/>\r\n<input type=\"hidden\" name=\"post_id\" value=\"0\" \/>\r\n<input type=\"hidden\" name=\"form_index\" value=\"1\" \/>\r\n<div class=\"w-form-row for_submit align_none\">\r\n\t<button class=\"w-btn  us-btn-style_1\" aria-label=\"Enviar mensagem \u2192\" type=\"submit\">\r\n\t\t<span class=\"g-preloader type_1\"><\/span>\r\n\t\t\t\t<span class=\"w-btn-label\">Enviar mensagem \u2192<\/span>\r\n\t\t\t<\/button>\r\n\t<\/div>\r\n<\/div><div class=\"w-form-message\"><\/div><div class=\"w-form-json hidden\" onclick='return {&quot;ajaxurl&quot;:&quot;https:\\\/\\\/www.qkingcrane.com\\\/wp-admin\\\/admin-ajax.php&quot;,&quot;messages&quot;:{&quot;err_empty&quot;:&quot;Fill out this field&quot;,&quot;err_size&quot;:&quot;File size cannot exceed %s MB&quot;,&quot;err_extension&quot;:&quot;%s file type is not allowed&quot;,&quot;err_recaptcha_keys&quot;:&quot;reCAPTCHA keys are incorrect&quot;}}'><\/div><input type=\"hidden\" name=\"trp-form-language\" value=\"pt\"\/><\/form><\/div><\/div><\/div><\/div><\/section><section class=\"l-section wpb_row height_large\"><div class=\"l-section-overlay\" style=\"background:var(--color-content-bg-alt)\"><\/div><div class=\"l-section-h i-cf\"><div class=\"g-cols vc_row via_grid cols_1-2 laptops-cols_inherit tablets-cols_inherit mobiles-cols_1 valign_top type_default stacking_default\"><div class=\"wpb_column vc_column_container\"><div class=\"vc_column-inner\"><div class=\"w-image us_custom_3000a3fb align_none\"><div class=\"w-image-h\"><img decoding=\"async\" width=\"300\" height=\"58\" src=\"https:\/\/www.qkingcrane.com\/wp-content\/uploads\/qkingcrane-logo.png\" class=\"attachment-large size-large\" alt=\"\" loading=\"lazy\" \/><\/div><\/div><h4 class=\"w-text\"><span class=\"w-text-h\"><span class=\"w-text-value\">QKing Equipamento Inteligente Co., Ltd.<\/span><\/span><\/h4><\/div><\/div><div class=\"wpb_column vc_column_container\"><div class=\"vc_column-inner\"><div class=\"wpb_text_column\"><div class=\"wpb_wrapper\"><p><strong>Endere\u00e7o:<br \/><\/strong>Sala 912, Times Square, Xianggang Middle Road, distrito de Shinan, Qingdao, Shandong, China.<\/p>\n<\/div><\/div><div class=\"w-separator size_custom with_line width_default thick_1 style_solid color_border align_center\" style=\"height:30px\"><div class=\"w-separator-h\"><\/div><\/div><div class=\"wpb_text_column\"><div class=\"wpb_wrapper\"><p><strong>E-mail:<br \/>\n<\/strong><a href=\"mailto:info@qkingtech.com\">info@qkingtech.com<\/a><\/p>\n<\/div><\/div><div class=\"w-separator size_custom with_line width_default thick_1 style_solid color_border align_center\" style=\"height:30px\"><div class=\"w-separator-h\"><\/div><\/div><div class=\"wpb_text_column\"><div class=\"wpb_wrapper\"><p><strong>Site:<br \/><\/strong><a href=\"https:\/\/www.qkingcrane.com\/pt\/\">https:\/\/www.qkingcrane.com<\/a><\/p>\n<\/div><\/div><\/div><\/div><\/div><\/div><\/section>","protected":false},"excerpt":{"rendered":"","protected":false},"author":1,"featured_media":0,"parent":0,"menu_order":0,"comment_status":"closed","ping_status":"closed","template":"","meta":{"_acf_changed":false,"footnotes":""},"class_list":["post-175","page","type-page","status-publish","hentry"],"acf":[],"_links":{"self":[{"href":"https:\/\/www.qkingcrane.com\/pt\/wp-json\/wp\/v2\/pages\/175","targetHints":{"allow":["GET"]}}],"collection":[{"href":"https:\/\/www.qkingcrane.com\/pt\/wp-json\/wp\/v2\/pages"}],"about":[{"href":"https:\/\/www.qkingcrane.com\/pt\/wp-json\/wp\/v2\/types\/page"}],"author":[{"embeddable":true,"href":"https:\/\/www.qkingcrane.com\/pt\/wp-json\/wp\/v2\/users\/1"}],"replies":[{"embeddable":true,"href":"https:\/\/www.qkingcrane.com\/pt\/wp-json\/wp\/v2\/comments?post=175"}],"version-history":[{"count":4,"href":"https:\/\/www.qkingcrane.com\/pt\/wp-json\/wp\/v2\/pages\/175\/revisions"}],"predecessor-version":[{"id":827,"href":"https:\/\/www.qkingcrane.com\/pt\/wp-json\/wp\/v2\/pages\/175\/revisions\/827"}],"wp:attachment":[{"href":"https:\/\/www.qkingcrane.com\/pt\/wp-json\/wp\/v2\/media?parent=175"}],"curies":[{"name":"wp","href":"https:\/\/api.w.org\/{rel}","templated":true}]}}