{"id":677,"date":"2025-03-14T12:18:39","date_gmt":"2025-03-14T04:18:39","guid":{"rendered":"https:\/\/www.qkingcrane.com\/?page_id=677"},"modified":"2025-03-14T13:49:13","modified_gmt":"2025-03-14T05:49:13","slug":"quality-control","status":"publish","type":"page","link":"https:\/\/www.qkingcrane.com\/pt\/quality-control\/","title":{"rendered":"Controle de qualidade"},"content":{"rendered":"<section class=\"l-section wpb_row height_large color_alternate\"><div class=\"l-section-h i-cf\"><div class=\"g-cols vc_row via_grid cols_1-3 laptops-cols_inherit tablets-cols_inherit mobiles-cols_1 valign_top type_default stacking_default\"><div class=\"wpb_column vc_column_container\"><div class=\"vc_column-inner\"><h1 class=\"w-post-elm post_title entry-title color_link_inherit\">Controle de qualidade<\/h1><\/div><\/div><div class=\"wpb_column vc_column_container\"><div class=\"vc_column-inner\"><div class=\"wpb_text_column\"><div class=\"wpb_wrapper\"><p>Entendemos a import\u00e2ncia de equipamentos confi\u00e1veis e dur\u00e1veis. \u00c9 por isso que produzir guindastes e pe\u00e7as de alta qualidade para nossos clientes \u00e9 nossa maior prioridade. Como fabricantes l\u00edderes de guindastes, mantemos cada guindaste fornecido ou modernizado por n\u00f3s em um alto padr\u00e3o de excel\u00eancia. Quando voc\u00ea trabalha com a QKing Equipment, pode ter certeza de que est\u00e1 recebendo os melhores produtos e servi\u00e7os no ramo de guindastes.<\/p>\n<\/div><\/div><\/div><\/div><\/div><\/div><\/section><section class=\"l-section wpb_row height_huge\"><div class=\"l-section-h i-cf\"><div class=\"g-cols vc_row via_grid cols_1 laptops-cols_inherit tablets-cols_inherit mobiles-cols_1 valign_top type_default stacking_default\"><div class=\"wpb_column vc_column_container\"><div class=\"vc_column-inner\"><div class=\"g-cols wpb_row via_grid cols_4 laptops-cols_inherit tablets-cols_inherit mobiles-cols_1 valign_top type_default stacking_default\" style=\"--columns-gap:3rem;\"><div class=\"wpb_column vc_column_container\"><div class=\"vc_column-inner\"><div class=\"w-iconbox iconpos_top style_default color_primary align_center\"><div class=\"w-iconbox-icon\" style=\"font-size:3rem;\"><i class=\"fad fa-cogs\"><\/i><\/div><div class=\"w-iconbox-meta\"><h4 class=\"w-iconbox-title\">100000 +<\/h4><div class=\"w-iconbox-text\"><p><span>A produ\u00e7\u00e3o anual de equipamentos inteligentes de eleva\u00e7\u00e3o e log\u00edstica e produtos de suporte ultrapassa 100.000 unidades (conjuntos).<\/span><\/p>\n<\/div><\/div><\/div><\/div><\/div><div class=\"wpb_column vc_column_container\"><div class=\"vc_column-inner\"><div class=\"w-iconbox iconpos_top style_default color_primary align_center\"><div class=\"w-iconbox-icon\" style=\"font-size:3rem;\"><i class=\"fad fa-globe-americas\"><\/i><\/div><div class=\"w-iconbox-meta\"><h4 class=\"w-iconbox-title\">70 +<\/h4><div class=\"w-iconbox-text\"><p>Os relat\u00f3rios de inspe\u00e7\u00e3o s\u00e3o reconhecidos mutuamente entre mais de 70 pa\u00edses.<\/p>\n<\/div><\/div><\/div><\/div><\/div><div class=\"wpb_column vc_column_container\"><div class=\"vc_column-inner\"><div class=\"w-iconbox iconpos_top style_default color_primary align_center\"><div class=\"w-iconbox-icon\" style=\"font-size:3rem;\"><i class=\"fad fa-microscope\"><\/i><\/div><div class=\"w-iconbox-meta\"><h4 class=\"w-iconbox-title\">300 +<\/h4><div class=\"w-iconbox-text\"><p>H\u00e1 mais de 300 conjuntos de diversos instrumentos e equipamentos experimentais.<\/p>\n<\/div><\/div><\/div><\/div><\/div><div class=\"wpb_column vc_column_container\"><div class=\"vc_column-inner\"><div class=\"w-iconbox iconpos_top style_default color_primary align_center\"><div class=\"w-iconbox-icon\" style=\"font-size:3rem;\"><i class=\"fad fa-books\"><\/i><\/div><div class=\"w-iconbox-meta\"><h4 class=\"w-iconbox-title\">180 +<\/h4><div class=\"w-iconbox-text\"><p>Padr\u00f5es rigorosos de processo e padr\u00f5es de inspe\u00e7\u00e3o foram estabelecidos em 180 principais n\u00f3s de controle.<\/p>\n<\/div><\/div><\/div><\/div><\/div><\/div><div class=\"w-separator size_large\"><\/div><div class=\"w-tabs layout_ver navwidth_auto navpos_left style_radio3 switch_click has_scrolling\" style=\"--sections-title-size:1em\"><div class=\"w-tabs-list items_7 align_none\"><div class=\"w-tabs-list-h\"><button class=\"w-tabs-item active defined-active\" aria-controls=\"content-pf71\" aria-expanded=\"true\"><span class=\"w-tabs-item-title\">Inspe\u00e7\u00e3o de guindaste<\/span><\/button><button class=\"w-tabs-item\" aria-controls=\"content-p59d\" aria-expanded=\"false\"><span class=\"w-tabs-item-title\">Detec\u00e7\u00e3o de componentes qu\u00edmicos<\/span><\/button><button class=\"w-tabs-item\" aria-controls=\"content-pbd6\" aria-expanded=\"false\"><span class=\"w-tabs-item-title\">Teste de propriedades mec\u00e2nicas<\/span><\/button><button class=\"w-tabs-item\" aria-controls=\"content-j192\" aria-expanded=\"false\"><span class=\"w-tabs-item-title\">Detec\u00e7\u00e3o de componentes el\u00e9tricos<\/span><\/button><button class=\"w-tabs-item\" aria-controls=\"content-u7b5\" aria-expanded=\"false\"><span class=\"w-tabs-item-title\">Ensaio de dureza metalogr\u00e1fica<\/span><\/button><button class=\"w-tabs-item\" aria-controls=\"content-kd49\" aria-expanded=\"false\"><span class=\"w-tabs-item-title\">Calibra\u00e7\u00e3o metrol\u00f3gica<\/span><\/button><button class=\"w-tabs-item\" aria-controls=\"content-v287\" aria-expanded=\"false\"><span class=\"w-tabs-item-title\">Ensaios n\u00e3o destrutivos<\/span><\/button><\/div><\/div><div class=\"w-tabs-sections titles-align_none icon_chevron cpos_right\"><div class=\"w-tabs-section active\" id=\"pf71\"><button class=\"w-tabs-section-header active\" aria-controls=\"content-pf71\" aria-expanded=\"true\"><div class=\"w-tabs-section-title\">Inspe\u00e7\u00e3o de guindaste<\/div><div class=\"w-tabs-section-control\"><\/div><\/button><div  class=\"w-tabs-section-content\" id=\"content-pf71\"><div class=\"w-tabs-section-content-h i-cf\"><div class=\"w-slider us_custom_698f55d4 style_none fit_cover nav_none has_ratio count_4\" style=\"--aspect-ratio: 16\/9;\"><div class=\"w-slider-h\" aria-hidden=\"true\"><div class=\"royalSlider\"><div class=\"rsContent\"><a class=\"rsImg\" data-rsw=\"1200\" data-rsh=\"800\" href=\"https:\/\/www.qkingcrane.com\/wp-content\/uploads\/3aeda78fb101acd102e4ddf456e7c482-1200x800.jpg\"><span data-alt=\"\"><\/span><\/a><div class=\"rsABlock\" data-fadeeffect=\"false\" data-moveeffect=\"none\"><div class=\"w-slider-item-title\">Banco de ensaio 1000T<\/div><\/div><\/div><div class=\"rsContent\"><a class=\"rsImg\" data-rsw=\"1000\" data-rsh=\"665\" href=\"https:\/\/www.qkingcrane.com\/wp-content\/uploads\/5d23cecdbdddeb04b6f591038bdd7ae6.jpg\"><span data-alt=\"\"><\/span><\/a><div class=\"rsABlock\" data-fadeeffect=\"false\" data-moveeffect=\"none\"><div class=\"w-slider-item-title\">Banco de teste de talha el\u00e9trica 100T<\/div><\/div><\/div><div class=\"rsContent\"><a class=\"rsImg\" data-rsw=\"1000\" data-rsh=\"668\" href=\"https:\/\/www.qkingcrane.com\/wp-content\/uploads\/04b2e3fb6af0dfd02d17c3d8347ce0ec.jpg\"><span data-alt=\"\"><\/span><\/a><div class=\"rsABlock\" data-fadeeffect=\"false\" data-moveeffect=\"none\"><div class=\"w-slider-item-title\">Tel\u00eametro<\/div><\/div><\/div><div class=\"rsContent\"><a class=\"rsImg\" data-rsw=\"1000\" data-rsh=\"668\" href=\"https:\/\/www.qkingcrane.com\/wp-content\/uploads\/54fc7dba967c9e6af3c712f337671b6a.jpg\"><span data-alt=\"\"><\/span><\/a><div class=\"rsABlock\" data-fadeeffect=\"false\" data-moveeffect=\"none\"><div class=\"w-slider-item-title\">Instrumento de esta\u00e7\u00e3o total<\/div><\/div><\/div><\/div><img decoding=\"async\" src=\"https:\/\/www.qkingcrane.com\/wp-content\/uploads\/3aeda78fb101acd102e4ddf456e7c482-1200x800.jpg\" width=\"1200\" height=\"800\" alt loading=\"lazy\"><\/div><div class=\"w-slider-json\" onclick='return {&quot;autoScaleSlider&quot;:false,&quot;addActiveClass&quot;:true,&quot;loop&quot;:true,&quot;fadeInLoadedSlide&quot;:false,&quot;slidesSpacing&quot;:0,&quot;imageScalePadding&quot;:0,&quot;numImagesToPreload&quot;:2,&quot;arrowsNav&quot;:true,&quot;arrowsNavAutoHide&quot;:false,&quot;transitionType&quot;:&quot;move&quot;,&quot;transitionSpeed&quot;:500,&quot;block&quot;:{&quot;moveEffect&quot;:&quot;none&quot;,&quot;speed&quot;:300},&quot;thumbs&quot;:{&quot;fitInViewport&quot;:false,&quot;firstMargin&quot;:false,&quot;spacing&quot;:4},&quot;controlNavigation&quot;:&quot;none&quot;,&quot;autoplay&quot;:{&quot;enabled&quot;:true,&quot;pauseOnHover&quot;:false,&quot;delay&quot;:4000}}'><\/div><\/div><\/div><\/div><\/div><div class=\"w-tabs-section\" id=\"p59d\"><button class=\"w-tabs-section-header\" aria-controls=\"content-p59d\" aria-expanded=\"false\"><div class=\"w-tabs-section-title\">Detec\u00e7\u00e3o de componentes qu\u00edmicos<\/div><div class=\"w-tabs-section-control\"><\/div><\/button><div  class=\"w-tabs-section-content\" id=\"content-p59d\"><div class=\"w-tabs-section-content-h i-cf\"><div class=\"w-slider us_custom_698f55d4 style_none fit_cover nav_none has_ratio count_5\" style=\"--aspect-ratio: 16\/9;\"><div class=\"w-slider-h\" aria-hidden=\"true\"><div class=\"royalSlider\"><div class=\"rsContent\"><a class=\"rsImg\" data-rsw=\"1080\" data-rsh=\"608\" href=\"https:\/\/www.qkingcrane.com\/wp-content\/uploads\/b5-1.jpg\"><span data-alt=\"\"><\/span><\/a><div class=\"rsABlock\" data-fadeeffect=\"false\" data-moveeffect=\"none\"><div class=\"w-slider-item-title\">Laborat\u00f3rio de ensaios de composi\u00e7\u00e3o qu\u00edmica<\/div><\/div><\/div><div class=\"rsContent\"><a class=\"rsImg\" data-rsw=\"1080\" data-rsh=\"608\" href=\"https:\/\/www.qkingcrane.com\/wp-content\/uploads\/b4-1.jpg\"><span data-alt=\"\"><\/span><\/a><div class=\"rsABlock\" data-fadeeffect=\"false\" data-moveeffect=\"none\"><div class=\"w-slider-item-title\">M\u00e1quina de teste de pulveriza\u00e7\u00e3o de sal<\/div><\/div><\/div><div class=\"rsContent\"><a class=\"rsImg\" data-rsw=\"1080\" data-rsh=\"608\" href=\"https:\/\/www.qkingcrane.com\/wp-content\/uploads\/b3-2.jpg\"><span data-alt=\"\"><\/span><\/a><div class=\"rsABlock\" data-fadeeffect=\"false\" data-moveeffect=\"none\"><div class=\"w-slider-item-title\">Analisador infravermelho de carbono-enxofre<\/div><\/div><\/div><div class=\"rsContent\"><a class=\"rsImg\" data-rsw=\"1080\" data-rsh=\"608\" href=\"https:\/\/www.qkingcrane.com\/wp-content\/uploads\/b2-2.jpg\"><span data-alt=\"\"><\/span><\/a><div class=\"rsABlock\" data-fadeeffect=\"false\" data-moveeffect=\"none\"><div class=\"w-slider-item-title\">Espectrofot\u00f4metro ultravioleta-vis\u00edvel de feixe duplo<\/div><\/div><\/div><div class=\"rsContent\"><a class=\"rsImg\" data-rsw=\"1080\" data-rsh=\"608\" href=\"https:\/\/www.qkingcrane.com\/wp-content\/uploads\/b1-1.jpg\"><span data-alt=\"\"><\/span><\/a><div class=\"rsABlock\" data-fadeeffect=\"false\" data-moveeffect=\"none\"><div class=\"w-slider-item-title\">Analisador de Mangan\u00eas, F\u00f3sforo e Sil\u00edcio<\/div><\/div><\/div><\/div><img decoding=\"async\" src=\"https:\/\/www.qkingcrane.com\/wp-content\/uploads\/b5-1.jpg\" width=\"1080\" height=\"608\" alt loading=\"lazy\"><\/div><div class=\"w-slider-json\" onclick='return {&quot;autoScaleSlider&quot;:false,&quot;addActiveClass&quot;:true,&quot;loop&quot;:true,&quot;fadeInLoadedSlide&quot;:false,&quot;slidesSpacing&quot;:0,&quot;imageScalePadding&quot;:0,&quot;numImagesToPreload&quot;:2,&quot;arrowsNav&quot;:true,&quot;arrowsNavAutoHide&quot;:false,&quot;transitionType&quot;:&quot;move&quot;,&quot;transitionSpeed&quot;:500,&quot;block&quot;:{&quot;moveEffect&quot;:&quot;none&quot;,&quot;speed&quot;:300},&quot;thumbs&quot;:{&quot;fitInViewport&quot;:false,&quot;firstMargin&quot;:false,&quot;spacing&quot;:4},&quot;controlNavigation&quot;:&quot;none&quot;,&quot;autoplay&quot;:{&quot;enabled&quot;:true,&quot;pauseOnHover&quot;:false,&quot;delay&quot;:4000}}'><\/div><\/div><\/div><\/div><\/div><div class=\"w-tabs-section\" id=\"pbd6\"><button class=\"w-tabs-section-header\" aria-controls=\"content-pbd6\" aria-expanded=\"false\"><div class=\"w-tabs-section-title\">Teste de propriedades mec\u00e2nicas<\/div><div class=\"w-tabs-section-control\"><\/div><\/button><div  class=\"w-tabs-section-content\" id=\"content-pbd6\"><div class=\"w-tabs-section-content-h i-cf\"><div class=\"w-slider us_custom_698f55d4 style_none fit_cover nav_none has_ratio count_5\" style=\"--aspect-ratio: 16\/9;\"><div class=\"w-slider-h\" aria-hidden=\"true\"><div class=\"royalSlider\"><div class=\"rsContent\"><a class=\"rsImg\" data-rsw=\"1080\" data-rsh=\"608\" href=\"https:\/\/www.qkingcrane.com\/wp-content\/uploads\/c5.jpg\"><span data-alt=\"\"><\/span><\/a><div class=\"rsABlock\" data-fadeeffect=\"false\" data-moveeffect=\"none\"><div class=\"w-slider-item-title\">Torno de bancada<\/div><\/div><\/div><div class=\"rsContent\"><a class=\"rsImg\" data-rsw=\"1080\" data-rsh=\"608\" href=\"https:\/\/www.qkingcrane.com\/wp-content\/uploads\/c4.jpg\"><span data-alt=\"\"><\/span><\/a><div class=\"rsABlock\" data-fadeeffect=\"false\" data-moveeffect=\"none\"><div class=\"w-slider-item-title\">M\u00e1quina de teste universal hidr\u00e1ulica<\/div><\/div><\/div><div class=\"rsContent\"><a class=\"rsImg\" data-rsw=\"1080\" data-rsh=\"608\" href=\"https:\/\/www.qkingcrane.com\/wp-content\/uploads\/c2-1.jpg\"><span data-alt=\"\"><\/span><\/a><div class=\"rsABlock\" data-fadeeffect=\"false\" data-moveeffect=\"none\"><div class=\"w-slider-item-title\">M\u00e1quina de teste de impacto de p\u00eandulo<\/div><\/div><\/div><div class=\"rsContent\"><a class=\"rsImg\" data-rsw=\"1080\" data-rsh=\"608\" href=\"https:\/\/www.qkingcrane.com\/wp-content\/uploads\/c3-1.jpg\"><span data-alt=\"\"><\/span><\/a><div class=\"rsABlock\" data-fadeeffect=\"false\" data-moveeffect=\"none\"><div class=\"w-slider-item-title\">M\u00e1quina universal de teste de material servo eletro-hidr\u00e1ulico<\/div><\/div><\/div><div class=\"rsContent\"><a class=\"rsImg\" data-rsw=\"1080\" data-rsh=\"608\" href=\"https:\/\/www.qkingcrane.com\/wp-content\/uploads\/c1-2.jpg\"><span data-alt=\"\"><\/span><\/a><div class=\"rsABlock\" data-fadeeffect=\"false\" data-moveeffect=\"none\"><div class=\"w-slider-item-title\">Sala de Testes F\u00edsicos<\/div><\/div><\/div><\/div><img decoding=\"async\" src=\"https:\/\/www.qkingcrane.com\/wp-content\/uploads\/c5.jpg\" width=\"1080\" height=\"608\" alt loading=\"lazy\"><\/div><div class=\"w-slider-json\" onclick='return {&quot;autoScaleSlider&quot;:false,&quot;addActiveClass&quot;:true,&quot;loop&quot;:true,&quot;fadeInLoadedSlide&quot;:false,&quot;slidesSpacing&quot;:0,&quot;imageScalePadding&quot;:0,&quot;numImagesToPreload&quot;:2,&quot;arrowsNav&quot;:true,&quot;arrowsNavAutoHide&quot;:false,&quot;transitionType&quot;:&quot;move&quot;,&quot;transitionSpeed&quot;:500,&quot;block&quot;:{&quot;moveEffect&quot;:&quot;none&quot;,&quot;speed&quot;:300},&quot;thumbs&quot;:{&quot;fitInViewport&quot;:false,&quot;firstMargin&quot;:false,&quot;spacing&quot;:4},&quot;controlNavigation&quot;:&quot;none&quot;,&quot;autoplay&quot;:{&quot;enabled&quot;:true,&quot;pauseOnHover&quot;:false,&quot;delay&quot;:4000}}'><\/div><\/div><\/div><\/div><\/div><div class=\"w-tabs-section\" id=\"j192\"><button class=\"w-tabs-section-header\" aria-controls=\"content-j192\" aria-expanded=\"false\"><div class=\"w-tabs-section-title\">Detec\u00e7\u00e3o de componentes el\u00e9tricos<\/div><div class=\"w-tabs-section-control\"><\/div><\/button><div  class=\"w-tabs-section-content\" id=\"content-j192\"><div class=\"w-tabs-section-content-h i-cf\"><div class=\"w-slider us_custom_698f55d4 style_none fit_cover nav_none has_ratio count_4\" style=\"--aspect-ratio: 16\/9;\"><div class=\"w-slider-h\" aria-hidden=\"true\"><div class=\"royalSlider\"><div class=\"rsContent\"><a class=\"rsImg\" data-rsw=\"1080\" data-rsh=\"608\" href=\"https:\/\/www.qkingcrane.com\/wp-content\/uploads\/PLC-Programmable-Logic-Controller-frequency-converter-test-bench.jpg\"><span data-alt=\"\"><\/span><\/a><div class=\"rsABlock\" data-fadeeffect=\"false\" data-moveeffect=\"none\"><div class=\"w-slider-item-title\">Bancada de teste de conversor de frequ\u00eancia PLC (Controlador L\u00f3gico Program\u00e1vel)<\/div><\/div><\/div><div class=\"rsContent\"><a class=\"rsImg\" data-rsw=\"1080\" data-rsh=\"608\" href=\"https:\/\/www.qkingcrane.com\/wp-content\/uploads\/d3.jpg\"><span data-alt=\"\"><\/span><\/a><div class=\"rsABlock\" data-fadeeffect=\"false\" data-moveeffect=\"none\"><div class=\"w-slider-item-title\">\u00c1rea de teste de liga\u00e7\u00e3o de carga<\/div><\/div><\/div><div class=\"rsContent\"><a class=\"rsImg\" data-rsw=\"1080\" data-rsh=\"608\" href=\"https:\/\/www.qkingcrane.com\/wp-content\/uploads\/d4.jpg\"><span data-alt=\"\"><\/span><\/a><div class=\"rsABlock\" data-fadeeffect=\"false\" data-moveeffect=\"none\"><div class=\"w-slider-item-title\">Manifesta\u00e7\u00e3o anti-balan\u00e7o<\/div><\/div><\/div><div class=\"rsContent\"><a class=\"rsImg\" data-rsw=\"1080\" data-rsh=\"608\" href=\"https:\/\/www.qkingcrane.com\/wp-content\/uploads\/d2.jpg\"><span data-alt=\"\"><\/span><\/a><div class=\"rsABlock\" data-fadeeffect=\"false\" data-moveeffect=\"none\"><div class=\"w-slider-item-title\">Detec\u00e7\u00e3o de componentes el\u00e9tricos<\/div><\/div><\/div><\/div><img decoding=\"async\" src=\"https:\/\/www.qkingcrane.com\/wp-content\/uploads\/PLC-Programmable-Logic-Controller-frequency-converter-test-bench.jpg\" width=\"1080\" height=\"608\" alt loading=\"lazy\"><\/div><div class=\"w-slider-json\" onclick='return {&quot;autoScaleSlider&quot;:false,&quot;addActiveClass&quot;:true,&quot;loop&quot;:true,&quot;fadeInLoadedSlide&quot;:false,&quot;slidesSpacing&quot;:0,&quot;imageScalePadding&quot;:0,&quot;numImagesToPreload&quot;:2,&quot;arrowsNav&quot;:true,&quot;arrowsNavAutoHide&quot;:false,&quot;transitionType&quot;:&quot;move&quot;,&quot;transitionSpeed&quot;:500,&quot;block&quot;:{&quot;moveEffect&quot;:&quot;none&quot;,&quot;speed&quot;:300},&quot;thumbs&quot;:{&quot;fitInViewport&quot;:false,&quot;firstMargin&quot;:false,&quot;spacing&quot;:4},&quot;controlNavigation&quot;:&quot;none&quot;,&quot;autoplay&quot;:{&quot;enabled&quot;:true,&quot;pauseOnHover&quot;:false,&quot;delay&quot;:4000}}'><\/div><\/div><\/div><\/div><\/div><div class=\"w-tabs-section\" id=\"u7b5\"><button class=\"w-tabs-section-header\" aria-controls=\"content-u7b5\" aria-expanded=\"false\"><div class=\"w-tabs-section-title\">Ensaio de dureza metalogr\u00e1fica<\/div><div class=\"w-tabs-section-control\"><\/div><\/button><div  class=\"w-tabs-section-content\" id=\"content-u7b5\"><div class=\"w-tabs-section-content-h i-cf\"><div class=\"w-slider us_custom_698f55d4 style_none fit_cover nav_none has_ratio count_5\" style=\"--aspect-ratio: 16\/9;\"><div class=\"w-slider-h\" aria-hidden=\"true\"><div class=\"royalSlider\"><div class=\"rsContent\"><a class=\"rsImg\" data-rsw=\"1080\" data-rsh=\"608\" href=\"https:\/\/www.qkingcrane.com\/wp-content\/uploads\/e5.jpg\"><span data-alt=\"\"><\/span><\/a><div class=\"rsABlock\" data-fadeeffect=\"false\" data-moveeffect=\"none\"><div class=\"w-slider-item-title\">Laborat\u00f3rio de Ensaios de Dureza Metalogr\u00e1fica<\/div><\/div><\/div><div class=\"rsContent\"><a class=\"rsImg\" data-rsw=\"1080\" data-rsh=\"608\" href=\"https:\/\/www.qkingcrane.com\/wp-content\/uploads\/e4.jpg\"><span data-alt=\"\"><\/span><\/a><div class=\"rsABlock\" data-fadeeffect=\"false\" data-moveeffect=\"none\"><div class=\"w-slider-item-title\">Testador de dureza Brinell<\/div><\/div><\/div><div class=\"rsContent\"><a class=\"rsImg\" data-rsw=\"1080\" data-rsh=\"608\" href=\"https:\/\/www.qkingcrane.com\/wp-content\/uploads\/e3.jpg\"><span data-alt=\"\"><\/span><\/a><div class=\"rsABlock\" data-fadeeffect=\"false\" data-moveeffect=\"none\"><div class=\"w-slider-item-title\">Testador de dureza Rockwell completo<\/div><\/div><\/div><div class=\"rsContent\"><a class=\"rsImg\" data-rsw=\"1080\" data-rsh=\"608\" href=\"https:\/\/www.qkingcrane.com\/wp-content\/uploads\/e2.jpg\"><span data-alt=\"\"><\/span><\/a><div class=\"rsABlock\" data-fadeeffect=\"false\" data-moveeffect=\"none\"><div class=\"w-slider-item-title\">Microsc\u00f3pio<\/div><\/div><\/div><div class=\"rsContent\"><a class=\"rsImg\" data-rsw=\"1080\" data-rsh=\"608\" href=\"https:\/\/www.qkingcrane.com\/wp-content\/uploads\/e1.jpg\"><span data-alt=\"\"><\/span><\/a><div class=\"rsABlock\" data-fadeeffect=\"false\" data-moveeffect=\"none\"><div class=\"w-slider-item-title\">Microsc\u00f3pio metalogr\u00e1fico Zeiss<\/div><\/div><\/div><\/div><img decoding=\"async\" src=\"https:\/\/www.qkingcrane.com\/wp-content\/uploads\/e5.jpg\" width=\"1080\" height=\"608\" alt loading=\"lazy\"><\/div><div class=\"w-slider-json\" onclick='return {&quot;autoScaleSlider&quot;:false,&quot;addActiveClass&quot;:true,&quot;loop&quot;:true,&quot;fadeInLoadedSlide&quot;:false,&quot;slidesSpacing&quot;:0,&quot;imageScalePadding&quot;:0,&quot;numImagesToPreload&quot;:2,&quot;arrowsNav&quot;:true,&quot;arrowsNavAutoHide&quot;:false,&quot;transitionType&quot;:&quot;move&quot;,&quot;transitionSpeed&quot;:500,&quot;block&quot;:{&quot;moveEffect&quot;:&quot;none&quot;,&quot;speed&quot;:300},&quot;thumbs&quot;:{&quot;fitInViewport&quot;:false,&quot;firstMargin&quot;:false,&quot;spacing&quot;:4},&quot;controlNavigation&quot;:&quot;none&quot;,&quot;autoplay&quot;:{&quot;enabled&quot;:true,&quot;pauseOnHover&quot;:false,&quot;delay&quot;:4000}}'><\/div><\/div><\/div><\/div><\/div><div class=\"w-tabs-section\" id=\"kd49\"><button class=\"w-tabs-section-header\" aria-controls=\"content-kd49\" aria-expanded=\"false\"><div class=\"w-tabs-section-title\">Calibra\u00e7\u00e3o metrol\u00f3gica<\/div><div class=\"w-tabs-section-control\"><\/div><\/button><div  class=\"w-tabs-section-content\" id=\"content-kd49\"><div class=\"w-tabs-section-content-h i-cf\"><div class=\"w-slider us_custom_698f55d4 style_none fit_cover nav_none has_ratio count_3\" style=\"--aspect-ratio: 16\/9;\"><div class=\"w-slider-h\" aria-hidden=\"true\"><div class=\"royalSlider\"><div class=\"rsContent\"><a class=\"rsImg\" data-rsw=\"1080\" data-rsh=\"608\" href=\"https:\/\/www.qkingcrane.com\/wp-content\/uploads\/f1.jpg\"><span data-alt=\"\"><\/span><\/a><div class=\"rsABlock\" data-fadeeffect=\"false\" data-moveeffect=\"none\"><div class=\"w-slider-item-title\">M\u00e1quina de medi\u00e7\u00e3o de comprimento de proje\u00e7\u00e3o de um metro<\/div><\/div><\/div><div class=\"rsContent\"><a class=\"rsImg\" data-rsw=\"1080\" data-rsh=\"608\" href=\"https:\/\/www.qkingcrane.com\/wp-content\/uploads\/f3.jpg\"><span data-alt=\"\"><\/span><\/a><div class=\"rsABlock\" data-fadeeffect=\"false\" data-moveeffect=\"none\"><div class=\"w-slider-item-title\">Testador de deflex\u00e3o<\/div><\/div><\/div><div class=\"rsContent\"><a class=\"rsImg\" data-rsw=\"1080\" data-rsh=\"608\" href=\"https:\/\/www.qkingcrane.com\/wp-content\/uploads\/f2.jpg\"><span data-alt=\"\"><\/span><\/a><div class=\"rsABlock\" data-fadeeffect=\"false\" data-moveeffect=\"none\"><div class=\"w-slider-item-title\">microsc\u00f3pio universal de ferramenteiro<\/div><\/div><\/div><\/div><img decoding=\"async\" src=\"https:\/\/www.qkingcrane.com\/wp-content\/uploads\/f1.jpg\" width=\"1080\" height=\"608\" alt loading=\"lazy\"><\/div><div class=\"w-slider-json\" onclick='return {&quot;autoScaleSlider&quot;:false,&quot;addActiveClass&quot;:true,&quot;loop&quot;:true,&quot;fadeInLoadedSlide&quot;:false,&quot;slidesSpacing&quot;:0,&quot;imageScalePadding&quot;:0,&quot;numImagesToPreload&quot;:2,&quot;arrowsNav&quot;:true,&quot;arrowsNavAutoHide&quot;:false,&quot;transitionType&quot;:&quot;move&quot;,&quot;transitionSpeed&quot;:500,&quot;block&quot;:{&quot;moveEffect&quot;:&quot;none&quot;,&quot;speed&quot;:300},&quot;thumbs&quot;:{&quot;fitInViewport&quot;:false,&quot;firstMargin&quot;:false,&quot;spacing&quot;:4},&quot;controlNavigation&quot;:&quot;none&quot;,&quot;autoplay&quot;:{&quot;enabled&quot;:true,&quot;pauseOnHover&quot;:false,&quot;delay&quot;:4000}}'><\/div><\/div><\/div><\/div><\/div><div class=\"w-tabs-section\" id=\"v287\"><button class=\"w-tabs-section-header\" aria-controls=\"content-v287\" aria-expanded=\"false\"><div class=\"w-tabs-section-title\">Ensaios n\u00e3o destrutivos<\/div><div class=\"w-tabs-section-control\"><\/div><\/button><div  class=\"w-tabs-section-content\" id=\"content-v287\"><div class=\"w-tabs-section-content-h i-cf\"><div class=\"w-slider us_custom_698f55d4 style_none fit_cover nav_none has_ratio count_3\" style=\"--aspect-ratio: 16\/9;\"><div class=\"w-slider-h\" aria-hidden=\"true\"><div class=\"royalSlider\"><div class=\"rsContent\"><a class=\"rsImg\" data-rsw=\"1080\" data-rsh=\"608\" href=\"https:\/\/www.qkingcrane.com\/wp-content\/uploads\/g1.jpg\"><span data-alt=\"\"><\/span><\/a><div class=\"rsABlock\" data-fadeeffect=\"false\" data-moveeffect=\"none\"><div class=\"w-slider-item-title\">defectosc\u00f3pio ultrass\u00f4nico<\/div><\/div><\/div><div class=\"rsContent\"><a class=\"rsImg\" data-rsw=\"1080\" data-rsh=\"608\" href=\"https:\/\/www.qkingcrane.com\/wp-content\/uploads\/g2.jpg\"><span data-alt=\"\"><\/span><\/a><div class=\"rsABlock\" data-fadeeffect=\"false\" data-moveeffect=\"none\"><div class=\"w-slider-item-title\">Detector de falhas de part\u00edculas magn\u00e9ticas<\/div><\/div><\/div><div class=\"rsContent\"><a class=\"rsImg\" data-rsw=\"1080\" data-rsh=\"608\" href=\"https:\/\/www.qkingcrane.com\/wp-content\/uploads\/g3.jpg\"><span data-alt=\"\"><\/span><\/a><div class=\"rsABlock\" data-fadeeffect=\"false\" data-moveeffect=\"none\"><div class=\"w-slider-item-title\">Bloco de teste ultrass\u00f4nico<\/div><\/div><\/div><\/div><img decoding=\"async\" src=\"https:\/\/www.qkingcrane.com\/wp-content\/uploads\/g1.jpg\" width=\"1080\" height=\"608\" alt loading=\"lazy\"><\/div><div class=\"w-slider-json\" onclick='return {&quot;autoScaleSlider&quot;:false,&quot;addActiveClass&quot;:true,&quot;loop&quot;:true,&quot;fadeInLoadedSlide&quot;:false,&quot;slidesSpacing&quot;:0,&quot;imageScalePadding&quot;:0,&quot;numImagesToPreload&quot;:2,&quot;arrowsNav&quot;:true,&quot;arrowsNavAutoHide&quot;:false,&quot;transitionType&quot;:&quot;move&quot;,&quot;transitionSpeed&quot;:500,&quot;block&quot;:{&quot;moveEffect&quot;:&quot;none&quot;,&quot;speed&quot;:300},&quot;thumbs&quot;:{&quot;fitInViewport&quot;:false,&quot;firstMargin&quot;:false,&quot;spacing&quot;:4},&quot;controlNavigation&quot;:&quot;none&quot;,&quot;autoplay&quot;:{&quot;enabled&quot;:true,&quot;pauseOnHover&quot;:false,&quot;delay&quot;:4000}}'><\/div><\/div><\/div><\/div><\/div><\/div><\/div><\/div><\/div><\/div><\/div><\/section>","protected":false},"excerpt":{"rendered":"","protected":false},"author":1,"featured_media":0,"parent":0,"menu_order":0,"comment_status":"closed","ping_status":"closed","template":"","meta":{"_acf_changed":false,"footnotes":""},"class_list":["post-677","page","type-page","status-publish","hentry"],"acf":[],"_links":{"self":[{"href":"https:\/\/www.qkingcrane.com\/pt\/wp-json\/wp\/v2\/pages\/677","targetHints":{"allow":["GET"]}}],"collection":[{"href":"https:\/\/www.qkingcrane.com\/pt\/wp-json\/wp\/v2\/pages"}],"about":[{"href":"https:\/\/www.qkingcrane.com\/pt\/wp-json\/wp\/v2\/types\/page"}],"author":[{"embeddable":true,"href":"https:\/\/www.qkingcrane.com\/pt\/wp-json\/wp\/v2\/users\/1"}],"replies":[{"embeddable":true,"href":"https:\/\/www.qkingcrane.com\/pt\/wp-json\/wp\/v2\/comments?post=677"}],"version-history":[{"count":0,"href":"https:\/\/www.qkingcrane.com\/pt\/wp-json\/wp\/v2\/pages\/677\/revisions"}],"wp:attachment":[{"href":"https:\/\/www.qkingcrane.com\/pt\/wp-json\/wp\/v2\/media?parent=677"}],"curies":[{"name":"wp","href":"https:\/\/api.w.org\/{rel}","templated":true}]}}